{"id":9,"date":"2021-06-07T10:45:21","date_gmt":"2021-06-07T08:45:21","guid":{"rendered":"https:\/\/doctormihaela.com\/?page_id=9"},"modified":"2024-11-06T12:53:19","modified_gmt":"2024-11-06T17:53:19","slug":"about","status":"publish","type":"page","link":"https:\/\/doctormihaela.com\/en\/about\/","title":{"rendered":"ABOUT"},"content":{"rendered":"<div data-elementor-type=\"wp-page\" data-elementor-id=\"9\" class=\"elementor elementor-9\">\n\t\t\t\t\t\t<section class=\"elementor-section elementor-top-section elementor-element elementor-element-cf25e4d elementor-section-boxed elementor-section-height-default elementor-section-height-default\" data-id=\"cf25e4d\" data-element_type=\"section\" data-settings=\"{&quot;background_background&quot;:&quot;gradient&quot;}\">\n\t\t\t\t\t\t<div class=\"elementor-container elementor-column-gap-default\">\n\t\t\t\t\t<div class=\"elementor-column elementor-col-100 elementor-top-column elementor-element elementor-element-48eefef\" data-id=\"48eefef\" data-element_type=\"column\">\n\t\t\t<div class=\"elementor-widget-wrap elementor-element-populated\">\n\t\t\t\t\t\t<div class=\"elementor-element elementor-element-01d87f0 elementor-invisible elementor-widget elementor-widget-heading\" data-id=\"01d87f0\" data-element_type=\"widget\" data-settings=\"{&quot;_animation&quot;:&quot;fadeInRight&quot;}\" data-widget_type=\"heading.default\">\n\t\t\t\t<div class=\"elementor-widget-container\">\n\t\t\t<h2 class=\"elementor-heading-title elementor-size-default\">About<\/h2>\t\t<\/div>\n\t\t\t\t<\/div>\n\t\t\t\t<div class=\"elementor-element elementor-element-8effb38 elementor-widget-divider--view-line elementor-invisible elementor-widget elementor-widget-divider\" data-id=\"8effb38\" data-element_type=\"widget\" data-settings=\"{&quot;_animation&quot;:&quot;fadeInRight&quot;,&quot;_animation_delay&quot;:500}\" data-widget_type=\"divider.default\">\n\t\t\t\t<div class=\"elementor-widget-container\">\n\t\t\t\t\t<div class=\"elementor-divider\">\n\t\t\t<span class=\"elementor-divider-separator\">\n\t\t\t\t\t\t<\/span>\n\t\t<\/div>\n\t\t\t\t<\/div>\n\t\t\t\t<\/div>\n\t\t\t\t\t<\/div>\n\t\t<\/div>\n\t\t\t\t\t<\/div>\n\t\t<\/section>\n\t\t\t\t<section class=\"elementor-section elementor-top-section elementor-element elementor-element-70826b88 elementor-section-boxed elementor-section-height-default elementor-section-height-default\" data-id=\"70826b88\" data-element_type=\"section\">\n\t\t\t\t\t\t<div class=\"elementor-container elementor-column-gap-default\">\n\t\t\t\t\t<div class=\"elementor-column elementor-col-50 elementor-top-column elementor-element elementor-element-2bf83a76\" data-id=\"2bf83a76\" data-element_type=\"column\">\n\t\t\t<div class=\"elementor-widget-wrap elementor-element-populated\">\n\t\t\t\t\t\t<div class=\"elementor-element elementor-element-4ea3ca27 elementor-widget elementor-widget-text-editor\" data-id=\"4ea3ca27\" data-element_type=\"widget\" data-widget_type=\"text-editor.default\">\n\t\t\t\t<div class=\"elementor-widget-container\">\n\t\t\t\t\t\t\t<p><em>ENDOSUN reprezint\u0103 o echip\u0103 t\u00e2n\u0103r\u0103 care \u0219i-a propus cre\u0219terea nivelului de educa\u021bie medical\u0103 public\u0103.\u00a0<\/em><\/p><p>Motto-ul nostru fiind:<\/p><h3><i>Pentru o via\u021b\u0103\u00a0armonios\u0103, s\u0103n\u0103tatea e\u00a0pre\u021bioas\u0103 &#8211; afl\u0103 tot pe EndoSun.<\/i><\/h3>\t\t\t\t\t\t<\/div>\n\t\t\t\t<\/div>\n\t\t\t\t\t<\/div>\n\t\t<\/div>\n\t\t\t\t<div class=\"elementor-column elementor-col-50 elementor-top-column elementor-element elementor-element-4108a2cd\" data-id=\"4108a2cd\" data-element_type=\"column\">\n\t\t\t<div class=\"elementor-widget-wrap elementor-element-populated\">\n\t\t\t\t\t\t<div class=\"elementor-element elementor-element-495945f7 elementor-widget elementor-widget-text-editor\" data-id=\"495945f7\" data-element_type=\"widget\" data-widget_type=\"text-editor.default\">\n\t\t\t\t<div class=\"elementor-widget-container\">\n\t\t\t\t\t\t\t<h4>Our Mission<\/h4><p>Scopul nostru este acela de a creste preven\u021bia \u0219i de a crea o societate mai informata din punct de vedere medical \u0219i nu numai.\u00a0<\/p><p>Prin intermediul blogurilor ne propunem sa aducem \u00een lumin\u0103 diverse informa\u021bii pornind de la elemente de prim ajutor pana la elemente de lifestyle, descrierea diverselor organe \u0219i sisteme, precum \u0219i a diverselor patologii.\u00a0<\/p><p>\u00a0<\/p>\t\t\t\t\t\t<\/div>\n\t\t\t\t<\/div>\n\t\t\t\t\t<\/div>\n\t\t<\/div>\n\t\t\t\t\t<\/div>\n\t\t<\/section>\n\t\t\t\t<section class=\"elementor-section elementor-top-section elementor-element elementor-element-e4dfdb8 ct-section-stretched elementor-section-boxed elementor-section-height-default elementor-section-height-default\" data-id=\"e4dfdb8\" data-element_type=\"section\">\n\t\t\t\t\t\t<div class=\"elementor-container elementor-column-gap-default\">\n\t\t\t\t\t<div class=\"elementor-column elementor-col-33 elementor-top-column elementor-element elementor-element-a2220f6\" data-id=\"a2220f6\" data-element_type=\"column\">\n\t\t\t<div class=\"elementor-widget-wrap elementor-element-populated\">\n\t\t\t\t\t\t<div class=\"elementor-element elementor-element-1941c6b eael-team-align-centered elementor-widget elementor-widget-eael-team-member\" data-id=\"1941c6b\" data-element_type=\"widget\" data-widget_type=\"eael-team-member.default\">\n\t\t\t\t<div class=\"elementor-widget-container\">\n\t\t\t\n\n\t<div id=\"eael-team-member-1941c6b\" class=\"eael-team-item eael-team-members-overlay\">\n\t\t<div class=\"eael-team-item-inner\">\n\t\t\t<div class=\"eael-team-image\">\n\t\t\t\t<figure>\n\t\t\t\t\t<img decoding=\"async\" src=\"https:\/\/doctormihaela.com\/wp-content\/uploads\/2024\/11\/af212eed-85be-41f2-8e0b-f57637c404fa.png\" alt=\"\">\n\t\t\t\t<\/figure>\n\t\t\t\t\n\t\t\t\t\n\t\t\t<\/div>\n\n\t\t\t<div class=\"eael-team-content\">\n\t\t\t\t<h2 class=\"eael-team-member-name\">Spataru Mihaela<\/h2>\n\t\t\t\t<h3 class=\"eael-team-member-position\">Medic Endocrinolog rezident<\/h3>\n\n\t\t\t\t\t\t\t\t\t\t\t\t\t\t\t<ul class=\"eael-team-member-social-profiles\">\n\t\t\t\t\t\t\t\t\t\t\t\t\t\t\t\t\t\t\t\t\t\t\t\t\t\t\t\t\t\t\t\t\t\t\t\t\t\t\t\t\t<li class=\"eael-team-member-social-link\">\n\t\t\t\t\t\t\t\t\t\t<a href=\"https:\/\/www.facebook.com\/profile.php?id=61567107644090\" target=\"_blank\">\n\t\t\t\t\t\t\t\t\t\t\t\t\t\t\t\t\t\t\t\t\t\t\t<i aria-hidden=\"true\" class=\"fab fa-facebook\"><\/i>\t\t\t\t\t\t\t\t\t\t\t\t\t\t\t\t\t\t\t\t\t<\/a>\n\t\t\t\t\t\t\t\t\t<\/li>\n\t\t\t\t\t\t\t\t\t\t\t\t\t\t\t\t\t\t\t\t\t\t\t\t\t\t\t\t\t\t\t\t\t\t\t\t\t\t\t\t\t\t\t\t\t\t\t\t\t<li class=\"eael-team-member-social-link\">\n\t\t\t\t\t\t\t\t\t\t<a href=\"https:\/\/linkedin.com\" target=\"_blank\">\n\t\t\t\t\t\t\t\t\t\t\t\t\t\t\t\t\t\t\t\t\t\t\t<i aria-hidden=\"true\" class=\"fab fa-linkedin\"><\/i>\t\t\t\t\t\t\t\t\t\t\t\t\t\t\t\t\t\t\t\t\t<\/a>\n\t\t\t\t\t\t\t\t\t<\/li>\n\t\t\t\t\t\t\t\t\t\t\t\t\t\t\t\t\t\t\t\t\t\t\t\t\t\t\t\t\t\t\t\t\t\t\t\t\t\t\t\t\t\t\t\t\t\t\t\t\t<li class=\"eael-team-member-social-link\">\n\t\t\t\t\t\t\t\t\t\t<a href=\"https:\/\/www.instagram.com\/doctor_mihaela?utm_source=qr&#038;igsh=MTVkb2QyYmdjdW03\" target=\"_blank\">\n\t\t\t\t\t\t\t\t\t\t\t\t\t\t\t\t\t\t\t\t\t\t\t<i aria-hidden=\"true\" class=\"fab fa-instagram\"><\/i>\t\t\t\t\t\t\t\t\t\t\t\t\t\t\t\t\t\t\t\t\t<\/a>\n\t\t\t\t\t\t\t\t\t<\/li>\n\t\t\t\t\t\t\t\t\t\t\t\t\t\t\t\t\t\t\t\t\t<\/ul>\n\t\t\t\t\t\t\t\t\t\t<p class=\"eael-team-text\"><\/p>\n\t\t\t\t\t\t\t<\/div>\n\t\t<\/div>\n\t<\/div>\n\t\t\t<\/div>\n\t\t\t\t<\/div>\n\t\t\t\t\t<\/div>\n\t\t<\/div>\n\t\t\t\t<div class=\"elementor-column elementor-col-33 elementor-top-column elementor-element elementor-element-9bde364\" data-id=\"9bde364\" data-element_type=\"column\">\n\t\t\t<div class=\"elementor-widget-wrap elementor-element-populated\">\n\t\t\t\t\t\t<div class=\"elementor-element elementor-element-5c76c1b eael-team-align-centered elementor-widget elementor-widget-eael-team-member\" data-id=\"5c76c1b\" data-element_type=\"widget\" data-widget_type=\"eael-team-member.default\">\n\t\t\t\t<div class=\"elementor-widget-container\">\n\t\t\t\n\n\t<div id=\"eael-team-member-5c76c1b\" class=\"eael-team-item eael-team-members-overlay\">\n\t\t<div class=\"eael-team-item-inner\">\n\t\t\t<div class=\"eael-team-image\">\n\t\t\t\t<figure>\n\t\t\t\t\t<img decoding=\"async\" src=\"https:\/\/doctormihaela.com\/wp-content\/uploads\/2024\/11\/70488444_2530270150424081_268945650870124544_n.png\" alt=\"\">\n\t\t\t\t<\/figure>\n\t\t\t\t\n\t\t\t\t\n\t\t\t<\/div>\n\n\t\t\t<div class=\"eael-team-content\">\n\t\t\t\t<h2 class=\"eael-team-member-name\">Spataru Mihai Adrian<\/h2>\n\t\t\t\t<h3 class=\"eael-team-member-position\">Website Developer<\/h3>\n\n\t\t\t\t\t\t\t\t\t\t\t\t\t\t<p class=\"eael-team-text\"><\/p>\n\t\t\t\t\t\t\t<\/div>\n\t\t<\/div>\n\t<\/div>\n\t\t\t<\/div>\n\t\t\t\t<\/div>\n\t\t\t\t\t<\/div>\n\t\t<\/div>\n\t\t\t\t<div class=\"elementor-column elementor-col-33 elementor-top-column elementor-element elementor-element-d71681f\" data-id=\"d71681f\" data-element_type=\"column\">\n\t\t\t<div class=\"elementor-widget-wrap elementor-element-populated\">\n\t\t\t\t\t\t<div class=\"elementor-element elementor-element-5986093 eael-team-align-centered elementor-widget elementor-widget-eael-team-member\" data-id=\"5986093\" data-element_type=\"widget\" data-widget_type=\"eael-team-member.default\">\n\t\t\t\t<div class=\"elementor-widget-container\">\n\t\t\t\n\n\t<div id=\"eael-team-member-5986093\" class=\"eael-team-item eael-team-members-overlay\">\n\t\t<div class=\"eael-team-item-inner\">\n\t\t\t<div class=\"eael-team-image\">\n\t\t\t\t<figure>\n\t\t\t\t\t<img decoding=\"async\" src=\"https:\/\/doctormihaela.com\/wp-content\/uploads\/2021\/06\/Employee-06.jpg\" alt=\"\">\n\t\t\t\t<\/figure>\n\t\t\t\t\n\t\t\t\t\n\t\t\t<\/div>\n\n\t\t\t<div class=\"eael-team-content\">\n\t\t\t\t<h2 class=\"eael-team-member-name\">John Doe<\/h2>\n\t\t\t\t<h3 class=\"eael-team-member-position\">CEO<\/h3>\n\n\t\t\t\t\t\t\t\t\t\t\t\t\t\t\t<ul class=\"eael-team-member-social-profiles\">\n\t\t\t\t\t\t\t\t\t\t\t\t\t\t\t\t\t\t\t\t\t\t\t\t\t\t\t\t\t\t\t\t\t\t\t\t\t\t\t\t\t<li class=\"eael-team-member-social-link\">\n\t\t\t\t\t\t\t\t\t\t<a href=\"https:\/\/facebook.com\/ferdykorpershoek\" target=\"_blank\">\n\t\t\t\t\t\t\t\t\t\t\t\t\t\t\t\t\t\t\t\t\t\t\t<i aria-hidden=\"true\" class=\"fab fa-facebook\"><\/i>\t\t\t\t\t\t\t\t\t\t\t\t\t\t\t\t\t\t\t\t\t<\/a>\n\t\t\t\t\t\t\t\t\t<\/li>\n\t\t\t\t\t\t\t\t\t\t\t\t\t\t\t\t\t\t\t\t\t\t\t\t\t\t\t\t\t\t\t\t\t\t\t\t\t\t\t\t\t\t\t\t\t\t\t\t\t<li class=\"eael-team-member-social-link\">\n\t\t\t\t\t\t\t\t\t\t<a href=\"https:\/\/twitter.com\/ferdykorp\" target=\"_blank\">\n\t\t\t\t\t\t\t\t\t\t\t\t\t\t\t\t\t\t\t\t\t\t\t<i aria-hidden=\"true\" class=\"fab fa-twitter\"><\/i>\t\t\t\t\t\t\t\t\t\t\t\t\t\t\t\t\t\t\t\t\t<\/a>\n\t\t\t\t\t\t\t\t\t<\/li>\n\t\t\t\t\t\t\t\t\t\t\t\t\t\t\t\t\t\t\t\t\t\t\t\t\t\t\t\t\t\t\t\t\t\t\t\t\t\t\t\t\t\t\t\t\t\t\t\t\t<li class=\"eael-team-member-social-link\">\n\t\t\t\t\t\t\t\t\t\t<a href=\"https:\/\/linkedin.com\/ferdykorpershoek\" target=\"_blank\">\n\t\t\t\t\t\t\t\t\t\t\t\t\t\t\t\t\t\t\t\t\t\t\t<i aria-hidden=\"true\" class=\"fab fa-linkedin\"><\/i>\t\t\t\t\t\t\t\t\t\t\t\t\t\t\t\t\t\t\t\t\t<\/a>\n\t\t\t\t\t\t\t\t\t<\/li>\n\t\t\t\t\t\t\t\t\t\t\t\t\t\t\t\t\t\t\t\t\t\t\t\t\t\t\t\t\t\t\t\t\t\t\t\t\t\t\t\t\t\t\t\t\t\t\t\t\t<li class=\"eael-team-member-social-link\">\n\t\t\t\t\t\t\t\t\t\t<a href=\"https:\/\/instagram.com\/ferdykorpershoek\" target=\"_blank\">\n\t\t\t\t\t\t\t\t\t\t\t\t\t\t\t\t\t\t\t\t\t\t\t<i aria-hidden=\"true\" class=\"fab fa-instagram\"><\/i>\t\t\t\t\t\t\t\t\t\t\t\t\t\t\t\t\t\t\t\t\t<\/a>\n\t\t\t\t\t\t\t\t\t<\/li>\n\t\t\t\t\t\t\t\t\t\t\t\t\t\t\t\t\t\t\t\t\t<\/ul>\n\t\t\t\t\t\t\t\t\t\t<p class=\"eael-team-text\">Lorem ipsum dolor sit amet, consectetur adipiscing elit, sed do eiusmod tempor incididunt ut labore et dolore magna aliqua.<\/p>\n\t\t\t\t\t\t\t<\/div>\n\t\t<\/div>\n\t<\/div>\n\t\t\t<\/div>\n\t\t\t\t<\/div>\n\t\t\t\t\t<\/div>\n\t\t<\/div>\n\t\t\t\t\t<\/div>\n\t\t<\/section>\n\t\t\t\t<\/div>","protected":false},"excerpt":{"rendered":"<p>About ENDOSUN reprezint\u0103 o echip\u0103 t\u00e2n\u0103r\u0103 care \u0219i-a propus cre\u0219terea nivelului de educa\u021bie medical\u0103 public\u0103.\u00a0 Motto-ul nostru fiind: Pentru o via\u021b\u0103\u00a0armonios\u0103, s\u0103n\u0103tatea e\u00a0pre\u021bioas\u0103 &#8211; afl\u0103 tot pe EndoSun. Our Mission Scopul nostru este acela de a creste preven\u021bia \u0219i de a crea o societate mai informata din punct de vedere medical \u0219i nu numai.\u00a0 Prin [&hellip;]<\/p>","protected":false},"author":5,"featured_media":0,"parent":0,"menu_order":0,"comment_status":"closed","ping_status":"closed","template":"elementor_header_footer","meta":{"om_disable_all_campaigns":false,"_monsterinsights_skip_tracking":false,"_monsterinsights_sitenote_active":false,"_monsterinsights_sitenote_note":"","_monsterinsights_sitenote_category":0,"_uf_show_specific_survey":0,"_uf_disable_surveys":false,"footnotes":""},"class_list":["post-9","page","type-page","status-publish","hentry"],"blocksy_meta":{"styles_descriptor":{"styles":{"desktop":"","tablet":"","mobile":""},"google_fonts":[]}},"yoast_head":"<!-- This site is optimized with the Yoast SEO plugin v24.5 - https:\/\/yoast.com\/wordpress\/plugins\/seo\/ -->\n<title>ABOUT - EndoSun | Educa\u021bie medical\u0103 - Tot ce trebuie s\u0103 \u0219tii!<\/title>\n<meta name=\"robots\" content=\"index, follow, max-snippet:-1, max-image-preview:large, max-video-preview:-1\" \/>\n<link rel=\"canonical\" href=\"https:\/\/doctormihaela.com\/en\/about\/\" \/>\n<meta property=\"og:locale\" content=\"en_US\" \/>\n<meta property=\"og:type\" content=\"article\" \/>\n<meta property=\"og:title\" content=\"ABOUT - EndoSun | Educa\u021bie medical\u0103 - Tot ce trebuie s\u0103 \u0219tii!\" \/>\n<meta property=\"og:description\" content=\"About ENDOSUN reprezint\u0103 o echip\u0103 t\u00e2n\u0103r\u0103 care \u0219i-a propus cre\u0219terea nivelului de educa\u021bie medical\u0103 public\u0103.\u00a0 Motto-ul nostru fiind: Pentru o via\u021b\u0103\u00a0armonios\u0103, s\u0103n\u0103tatea e\u00a0pre\u021bioas\u0103 &#8211; afl\u0103 tot pe EndoSun. Our Mission Scopul nostru este acela de a creste preven\u021bia \u0219i de a crea o societate mai informata din punct de vedere medical \u0219i nu numai.\u00a0 Prin [&hellip;]\" \/>\n<meta property=\"og:url\" content=\"https:\/\/doctormihaela.com\/en\/about\/\" \/>\n<meta property=\"og:site_name\" content=\"EndoSun | Educa\u021bie medical\u0103 - Tot ce trebuie s\u0103 \u0219tii!\" \/>\n<meta property=\"article:modified_time\" content=\"2024-11-06T17:53:19+00:00\" \/>\n<meta property=\"og:image\" content=\"https:\/\/doctormihaela.com\/wp-content\/uploads\/2024\/11\/af212eed-85be-41f2-8e0b-f57637c404fa.png\" \/>\n<meta name=\"twitter:card\" content=\"summary_large_image\" \/>\n<meta name=\"twitter:label1\" content=\"Est. reading time\" \/>\n\t<meta name=\"twitter:data1\" content=\"1 minute\" \/>\n<script type=\"application\/ld+json\" class=\"yoast-schema-graph\">{\"@context\":\"https:\/\/schema.org\",\"@graph\":[{\"@type\":\"WebPage\",\"@id\":\"https:\/\/doctormihaela.com\/about\/\",\"url\":\"https:\/\/doctormihaela.com\/about\/\",\"name\":\"ABOUT - EndoSun | Educa\u021bie medical\u0103 - Tot ce trebuie s\u0103 \u0219tii!\",\"isPartOf\":{\"@id\":\"https:\/\/doctormihaela.com\/#website\"},\"primaryImageOfPage\":{\"@id\":\"https:\/\/doctormihaela.com\/about\/#primaryimage\"},\"image\":{\"@id\":\"https:\/\/doctormihaela.com\/about\/#primaryimage\"},\"thumbnailUrl\":\"https:\/\/doctormihaela.com\/wp-content\/uploads\/2024\/11\/af212eed-85be-41f2-8e0b-f57637c404fa.png\",\"datePublished\":\"2021-06-07T08:45:21+00:00\",\"dateModified\":\"2024-11-06T17:53:19+00:00\",\"breadcrumb\":{\"@id\":\"https:\/\/doctormihaela.com\/about\/#breadcrumb\"},\"inLanguage\":\"en-US\",\"potentialAction\":[{\"@type\":\"ReadAction\",\"target\":[\"https:\/\/doctormihaela.com\/about\/\"]}]},{\"@type\":\"ImageObject\",\"inLanguage\":\"en-US\",\"@id\":\"https:\/\/doctormihaela.com\/about\/#primaryimage\",\"url\":\"https:\/\/doctormihaela.com\/wp-content\/uploads\/2024\/11\/af212eed-85be-41f2-8e0b-f57637c404fa.png\",\"contentUrl\":\"https:\/\/doctormihaela.com\/wp-content\/uploads\/2024\/11\/af212eed-85be-41f2-8e0b-f57637c404fa.png\"},{\"@type\":\"BreadcrumbList\",\"@id\":\"https:\/\/doctormihaela.com\/about\/#breadcrumb\",\"itemListElement\":[{\"@type\":\"ListItem\",\"position\":1,\"name\":\"Home\",\"item\":\"https:\/\/doctormihaela.com\/\"},{\"@type\":\"ListItem\",\"position\":2,\"name\":\"ABOUT\"}]},{\"@type\":\"WebSite\",\"@id\":\"https:\/\/doctormihaela.com\/#website\",\"url\":\"https:\/\/doctormihaela.com\/\",\"name\":\"EndoSun\",\"description\":\"\",\"publisher\":{\"@id\":\"https:\/\/doctormihaela.com\/#\/schema\/person\/82bf963db06fe6b0f7a7dd27c907c6d7\"},\"potentialAction\":[{\"@type\":\"SearchAction\",\"target\":{\"@type\":\"EntryPoint\",\"urlTemplate\":\"https:\/\/doctormihaela.com\/?s={search_term_string}\"},\"query-input\":{\"@type\":\"PropertyValueSpecification\",\"valueRequired\":true,\"valueName\":\"search_term_string\"}}],\"inLanguage\":\"en-US\"},{\"@type\":[\"Person\",\"Organization\"],\"@id\":\"https:\/\/doctormihaela.com\/#\/schema\/person\/82bf963db06fe6b0f7a7dd27c907c6d7\",\"name\":\"Mihaela Spataru\",\"image\":{\"@type\":\"ImageObject\",\"inLanguage\":\"en-US\",\"@id\":\"https:\/\/doctormihaela.com\/#\/schema\/person\/image\/\",\"url\":\"https:\/\/doctormihaela.com\/wp-content\/uploads\/2024\/05\/EndoSun_Logo_smaller.png\",\"contentUrl\":\"https:\/\/doctormihaela.com\/wp-content\/uploads\/2024\/05\/EndoSun_Logo_smaller.png\",\"width\":461,\"height\":134,\"caption\":\"Mihaela Spataru\"},\"logo\":{\"@id\":\"https:\/\/doctormihaela.com\/#\/schema\/person\/image\/\"}}]}<\/script>\n<!-- \/ Yoast SEO plugin. -->","yoast_head_json":{"title":"ABOUT - EndoSun | Educa\u021bie medical\u0103 - Tot ce trebuie s\u0103 \u0219tii!","robots":{"index":"index","follow":"follow","max-snippet":"max-snippet:-1","max-image-preview":"max-image-preview:large","max-video-preview":"max-video-preview:-1"},"canonical":"https:\/\/doctormihaela.com\/en\/about\/","og_locale":"en_US","og_type":"article","og_title":"ABOUT - EndoSun | Educa\u021bie medical\u0103 - Tot ce trebuie s\u0103 \u0219tii!","og_description":"About ENDOSUN reprezint\u0103 o echip\u0103 t\u00e2n\u0103r\u0103 care \u0219i-a propus cre\u0219terea nivelului de educa\u021bie medical\u0103 public\u0103.\u00a0 Motto-ul nostru fiind: Pentru o via\u021b\u0103\u00a0armonios\u0103, s\u0103n\u0103tatea e\u00a0pre\u021bioas\u0103 &#8211; afl\u0103 tot pe EndoSun. Our Mission Scopul nostru este acela de a creste preven\u021bia \u0219i de a crea o societate mai informata din punct de vedere medical \u0219i nu numai.\u00a0 Prin [&hellip;]","og_url":"https:\/\/doctormihaela.com\/en\/about\/","og_site_name":"EndoSun | Educa\u021bie medical\u0103 - Tot ce trebuie s\u0103 \u0219tii!","article_modified_time":"2024-11-06T17:53:19+00:00","og_image":[{"url":"https:\/\/doctormihaela.com\/wp-content\/uploads\/2024\/11\/af212eed-85be-41f2-8e0b-f57637c404fa.png","type":"","width":"","height":""}],"twitter_card":"summary_large_image","twitter_misc":{"Est. reading time":"1 minute"},"schema":{"@context":"https:\/\/schema.org","@graph":[{"@type":"WebPage","@id":"https:\/\/doctormihaela.com\/about\/","url":"https:\/\/doctormihaela.com\/about\/","name":"ABOUT - EndoSun | Educa\u021bie medical\u0103 - Tot ce trebuie s\u0103 \u0219tii!","isPartOf":{"@id":"https:\/\/doctormihaela.com\/#website"},"primaryImageOfPage":{"@id":"https:\/\/doctormihaela.com\/about\/#primaryimage"},"image":{"@id":"https:\/\/doctormihaela.com\/about\/#primaryimage"},"thumbnailUrl":"https:\/\/doctormihaela.com\/wp-content\/uploads\/2024\/11\/af212eed-85be-41f2-8e0b-f57637c404fa.png","datePublished":"2021-06-07T08:45:21+00:00","dateModified":"2024-11-06T17:53:19+00:00","breadcrumb":{"@id":"https:\/\/doctormihaela.com\/about\/#breadcrumb"},"inLanguage":"en-US","potentialAction":[{"@type":"ReadAction","target":["https:\/\/doctormihaela.com\/about\/"]}]},{"@type":"ImageObject","inLanguage":"en-US","@id":"https:\/\/doctormihaela.com\/about\/#primaryimage","url":"https:\/\/doctormihaela.com\/wp-content\/uploads\/2024\/11\/af212eed-85be-41f2-8e0b-f57637c404fa.png","contentUrl":"https:\/\/doctormihaela.com\/wp-content\/uploads\/2024\/11\/af212eed-85be-41f2-8e0b-f57637c404fa.png"},{"@type":"BreadcrumbList","@id":"https:\/\/doctormihaela.com\/about\/#breadcrumb","itemListElement":[{"@type":"ListItem","position":1,"name":"Home","item":"https:\/\/doctormihaela.com\/"},{"@type":"ListItem","position":2,"name":"ABOUT"}]},{"@type":"WebSite","@id":"https:\/\/doctormihaela.com\/#website","url":"https:\/\/doctormihaela.com\/","name":"EndoSun","description":"","publisher":{"@id":"https:\/\/doctormihaela.com\/#\/schema\/person\/82bf963db06fe6b0f7a7dd27c907c6d7"},"potentialAction":[{"@type":"SearchAction","target":{"@type":"EntryPoint","urlTemplate":"https:\/\/doctormihaela.com\/?s={search_term_string}"},"query-input":{"@type":"PropertyValueSpecification","valueRequired":true,"valueName":"search_term_string"}}],"inLanguage":"en-US"},{"@type":["Person","Organization"],"@id":"https:\/\/doctormihaela.com\/#\/schema\/person\/82bf963db06fe6b0f7a7dd27c907c6d7","name":"Mihaela Spataru","image":{"@type":"ImageObject","inLanguage":"en-US","@id":"https:\/\/doctormihaela.com\/#\/schema\/person\/image\/","url":"https:\/\/doctormihaela.com\/wp-content\/uploads\/2024\/05\/EndoSun_Logo_smaller.png","contentUrl":"https:\/\/doctormihaela.com\/wp-content\/uploads\/2024\/05\/EndoSun_Logo_smaller.png","width":461,"height":134,"caption":"Mihaela Spataru"},"logo":{"@id":"https:\/\/doctormihaela.com\/#\/schema\/person\/image\/"}}]}},"_links":{"self":[{"href":"https:\/\/doctormihaela.com\/en\/wp-json\/wp\/v2\/pages\/9","targetHints":{"allow":["GET"]}}],"collection":[{"href":"https:\/\/doctormihaela.com\/en\/wp-json\/wp\/v2\/pages"}],"about":[{"href":"https:\/\/doctormihaela.com\/en\/wp-json\/wp\/v2\/types\/page"}],"author":[{"embeddable":true,"href":"https:\/\/doctormihaela.com\/en\/wp-json\/wp\/v2\/users\/5"}],"replies":[{"embeddable":true,"href":"https:\/\/doctormihaela.com\/en\/wp-json\/wp\/v2\/comments?post=9"}],"version-history":[{"count":56,"href":"https:\/\/doctormihaela.com\/en\/wp-json\/wp\/v2\/pages\/9\/revisions"}],"predecessor-version":[{"id":1439,"href":"https:\/\/doctormihaela.com\/en\/wp-json\/wp\/v2\/pages\/9\/revisions\/1439"}],"wp:attachment":[{"href":"https:\/\/doctormihaela.com\/en\/wp-json\/wp\/v2\/media?parent=9"}],"curies":[{"name":"wp","href":"https:\/\/api.w.org\/{rel}","templated":true}]}}