{"id":1297,"date":"2024-10-16T12:22:56","date_gmt":"2024-10-16T16:22:56","guid":{"rendered":"https:\/\/doctormihaela.com\/?page_id=1297"},"modified":"2024-10-16T12:30:03","modified_gmt":"2024-10-16T16:30:03","slug":"diverse","status":"publish","type":"page","link":"https:\/\/doctormihaela.com\/en\/diverse\/","title":{"rendered":"Diverse"},"content":{"rendered":"<div data-elementor-type=\"wp-page\" data-elementor-id=\"1297\" class=\"elementor elementor-1297\">\n\t\t\t\t\t\t<section class=\"elementor-section elementor-top-section elementor-element elementor-element-f116a01 elementor-section-boxed elementor-section-height-default elementor-section-height-default\" data-id=\"f116a01\" data-element_type=\"section\" data-settings=\"{&quot;background_background&quot;:&quot;gradient&quot;}\">\n\t\t\t\t\t\t<div class=\"elementor-container elementor-column-gap-default\">\n\t\t\t\t\t<div class=\"elementor-column elementor-col-100 elementor-top-column elementor-element elementor-element-39d2220\" data-id=\"39d2220\" data-element_type=\"column\">\n\t\t\t<div class=\"elementor-widget-wrap elementor-element-populated\">\n\t\t\t\t\t\t<div class=\"elementor-element elementor-element-3afb1be elementor-invisible elementor-widget elementor-widget-heading\" data-id=\"3afb1be\" data-element_type=\"widget\" data-settings=\"{&quot;_animation&quot;:&quot;fadeInRight&quot;}\" data-widget_type=\"heading.default\">\n\t\t\t\t<div class=\"elementor-widget-container\">\n\t\t\t<h2 class=\"elementor-heading-title elementor-size-default\">DIVERSE<\/h2>\t\t<\/div>\n\t\t\t\t<\/div>\n\t\t\t\t<div class=\"elementor-element elementor-element-b249656 elementor-widget-divider--view-line elementor-invisible elementor-widget elementor-widget-divider\" data-id=\"b249656\" data-element_type=\"widget\" data-settings=\"{&quot;_animation&quot;:&quot;fadeInRight&quot;,&quot;_animation_delay&quot;:500}\" data-widget_type=\"divider.default\">\n\t\t\t\t<div class=\"elementor-widget-container\">\n\t\t\t\t\t<div class=\"elementor-divider\">\n\t\t\t<span class=\"elementor-divider-separator\">\n\t\t\t\t\t\t<\/span>\n\t\t<\/div>\n\t\t\t\t<\/div>\n\t\t\t\t<\/div>\n\t\t\t\t\t<\/div>\n\t\t<\/div>\n\t\t\t\t\t<\/div>\n\t\t<\/section>\n\t\t\t\t<section class=\"elementor-section elementor-top-section elementor-element elementor-element-a214793 elementor-section-boxed elementor-section-height-default elementor-section-height-default\" data-id=\"a214793\" data-element_type=\"section\">\n\t\t\t\t\t\t<div class=\"elementor-container elementor-column-gap-default\">\n\t\t\t\t\t<div class=\"elementor-column elementor-col-100 elementor-top-column elementor-element elementor-element-24a60da\" data-id=\"24a60da\" data-element_type=\"column\">\n\t\t\t<div class=\"elementor-widget-wrap\">\n\t\t\t\t\t\t\t<\/div>\n\t\t<\/div>\n\t\t\t\t\t<\/div>\n\t\t<\/section>\n\t\t\t\t<section class=\"elementor-section elementor-top-section elementor-element elementor-element-56c27d7 elementor-section-boxed elementor-section-height-default elementor-section-height-default\" data-id=\"56c27d7\" data-element_type=\"section\">\n\t\t\t\t\t\t<div class=\"elementor-container elementor-column-gap-default\">\n\t\t\t\t\t<div class=\"elementor-column elementor-col-100 elementor-top-column elementor-element elementor-element-76aa79c\" data-id=\"76aa79c\" data-element_type=\"column\">\n\t\t\t<div class=\"elementor-widget-wrap elementor-element-populated\">\n\t\t\t\t\t\t<div class=\"elementor-element elementor-element-6ca0edc elementor-widget__width-initial elementor-grid-eael-col-4 elementor-grid-tablet-eael-col-2 elementor-grid-mobile-eael-col-1 elementor-widget elementor-widget-eael-post-grid\" data-id=\"6ca0edc\" data-element_type=\"widget\" data-settings=\"{&quot;eael_post_grid_columns&quot;:&quot;eael-col-4&quot;,&quot;eael_post_grid_columns_tablet&quot;:&quot;eael-col-2&quot;,&quot;eael_post_grid_columns_mobile&quot;:&quot;eael-col-1&quot;}\" data-widget_type=\"eael-post-grid.default\">\n\t\t\t\t<div class=\"elementor-widget-container\">\n\t\t\t<div id=\"eael-post-grid-6ca0edc\" class=\"eael-post-grid-container\">\n            <div class=\"eael-post-grid eael-post-appender eael-post-appender-6ca0edc eael-post-grid-style-one\" data-layout-mode=\"masonry\"><article class=\"eael-grid-post eael-post-grid-column\" data-id=\"1522\">\n        <div class=\"eael-grid-post-holder\">\n            <div class=\"eael-grid-post-holder-inner\"><div class=\"eael-entry-media\"><div class=\"eael-entry-overlay fade-in\"><i class=\"fas fa-long-arrow-alt-right\" aria-hidden=\"true\"><\/i><a href=\"https:\/\/doctormihaela.com\/en\/cum-sa-recunosti-o-criza-hipoglicemica\/\"><\/a><\/div><div class=\"eael-entry-thumbnail\">\n                <img fetchpriority=\"high\" decoding=\"async\" width=\"300\" height=\"169\" src=\"https:\/\/doctormihaela.com\/wp-content\/uploads\/2025\/01\/warning-signs-of-low-blood-sugar-1440x810-1-300x169.jpg\" class=\"attachment-medium size-medium wp-image-1526\" alt=\"\" srcset=\"https:\/\/doctormihaela.com\/wp-content\/uploads\/2025\/01\/warning-signs-of-low-blood-sugar-1440x810-1-300x169.jpg 300w, https:\/\/doctormihaela.com\/wp-content\/uploads\/2025\/01\/warning-signs-of-low-blood-sugar-1440x810-1-1024x576.jpg 1024w, https:\/\/doctormihaela.com\/wp-content\/uploads\/2025\/01\/warning-signs-of-low-blood-sugar-1440x810-1-768x432.jpg 768w, https:\/\/doctormihaela.com\/wp-content\/uploads\/2025\/01\/warning-signs-of-low-blood-sugar-1440x810-1-18x10.jpg 18w, https:\/\/doctormihaela.com\/wp-content\/uploads\/2025\/01\/warning-signs-of-low-blood-sugar-1440x810-1.jpg 1440w\" sizes=\"(max-width: 300px) 100vw, 300px\" \/>\n            <\/div>\n        <\/div><div class=\"eael-entry-wrapper\"><header class=\"eael-entry-header\"><h2 class=\"eael-entry-title\"><a\n                        class=\"eael-grid-post-link\"\n                        href=\"https:\/\/doctormihaela.com\/en\/cum-sa-recunosti-o-criza-hipoglicemica\/\"\n                        title=\"Hipoglicemia &#8211; un semnal de alarm\u0103\">Hipoglicemia &#8211; un semnal de alarm\u0103<\/a><\/h2><\/header><div class=\"eael-entry-content\">\n                        <div class=\"eael-grid-post-excerpt\"><p>Dar ce este hipoglicemia? Cum se manifest\u0103? Hipoglicemia se caracterizeaz\u0103...<\/p><a\n                            href=\"https:\/\/doctormihaela.com\/en\/cum-sa-recunosti-o-criza-hipoglicemica\/\"\n                            class=\"eael-post-elements-readmore-btn\">Read More<\/a><\/div>\n                    <\/div><div class=\"eael-entry-footer\"><div class=\"eael-author-avatar\"><a href=\"https:\/\/doctormihaela.com\/en\/author\/mihaispataru\/\"><img alt='Mihaela Spataru' src='https:\/\/secure.gravatar.com\/avatar\/1ddbd29e4789c6413ad065868b06d9a9e5aeee064ff49dfc43356dc568aba847?s=96&#038;d=mm&#038;r=g' srcset='https:\/\/secure.gravatar.com\/avatar\/1ddbd29e4789c6413ad065868b06d9a9e5aeee064ff49dfc43356dc568aba847?s=192&#038;d=mm&#038;r=g 2x' class='avatar avatar-96 photo' height='96' width='96' \/><\/a><\/div><div class=\"eael-entry-meta\"><span class=\"eael-posted-by\"><a href=\"https:\/\/doctormihaela.com\/en\/author\/mihaispataru\/\" title=\"Posts by Mihaela Spataru\" rel=\"author\">Mihaela Spataru<\/a><\/span><span class=\"eael-posted-on\"><time datetime=\"January 21, 2025\">January 21, 2025<\/time><\/span><\/div><\/div><\/div><\/div>\n        <\/div>\n    <\/article><article class=\"eael-grid-post eael-post-grid-column\" data-id=\"1202\">\n        <div class=\"eael-grid-post-holder\">\n            <div class=\"eael-grid-post-holder-inner\"><div class=\"eael-entry-media\"><div class=\"eael-entry-overlay fade-in\"><i class=\"fas fa-long-arrow-alt-right\" aria-hidden=\"true\"><\/i><a href=\"https:\/\/doctormihaela.com\/en\/ovarul-cea-mai-pretioasa-bijuterie-a-unei-femei\/\"><\/a><\/div><div class=\"eael-entry-thumbnail\">\n                <img decoding=\"async\" width=\"300\" height=\"214\" src=\"https:\/\/doctormihaela.com\/wp-content\/uploads\/2024\/08\/FvZzohbe3GPMm3EiGyZZwd-1200-80.jpg-300x214.webp\" class=\"attachment-medium size-medium wp-image-1204\" alt=\"\" srcset=\"https:\/\/doctormihaela.com\/wp-content\/uploads\/2024\/08\/FvZzohbe3GPMm3EiGyZZwd-1200-80.jpg-300x214.webp 300w, https:\/\/doctormihaela.com\/wp-content\/uploads\/2024\/08\/FvZzohbe3GPMm3EiGyZZwd-1200-80.jpg-768x548.webp 768w, https:\/\/doctormihaela.com\/wp-content\/uploads\/2024\/08\/FvZzohbe3GPMm3EiGyZZwd-1200-80.jpg-18x12.webp 18w, https:\/\/doctormihaela.com\/wp-content\/uploads\/2024\/08\/FvZzohbe3GPMm3EiGyZZwd-1200-80.jpg.webp 1000w\" sizes=\"(max-width: 300px) 100vw, 300px\" \/>\n            <\/div>\n        <\/div><div class=\"eael-entry-wrapper\"><header class=\"eael-entry-header\"><h2 class=\"eael-entry-title\"><a\n                        class=\"eael-grid-post-link\"\n                        href=\"https:\/\/doctormihaela.com\/en\/ovarul-cea-mai-pretioasa-bijuterie-a-unei-femei\/\"\n                        title=\"Ce sunt ovarele \u0219i ce func\u021bie \u00eendeplinesc?\">Ce sunt ovarele \u0219i ce func\u021bie \u00eendeplinesc?<\/a><\/h2><\/header><div class=\"eael-entry-content\">\n                        <div class=\"eael-grid-post-excerpt\"><p>\u00a0 Ovarul este gonada sexuala feminin\u0103, fiind o gland\u0103 pereche...<\/p><a\n                            href=\"https:\/\/doctormihaela.com\/en\/ovarul-cea-mai-pretioasa-bijuterie-a-unei-femei\/\"\n                            class=\"eael-post-elements-readmore-btn\">Read More<\/a><\/div>\n                    <\/div><div class=\"eael-entry-footer\"><div class=\"eael-author-avatar\"><a href=\"https:\/\/doctormihaela.com\/en\/author\/mihaispataru\/\"><img alt='Mihaela Spataru' src='https:\/\/secure.gravatar.com\/avatar\/1ddbd29e4789c6413ad065868b06d9a9e5aeee064ff49dfc43356dc568aba847?s=96&#038;d=mm&#038;r=g' srcset='https:\/\/secure.gravatar.com\/avatar\/1ddbd29e4789c6413ad065868b06d9a9e5aeee064ff49dfc43356dc568aba847?s=192&#038;d=mm&#038;r=g 2x' class='avatar avatar-96 photo' height='96' width='96' \/><\/a><\/div><div class=\"eael-entry-meta\"><span class=\"eael-posted-by\"><a href=\"https:\/\/doctormihaela.com\/en\/author\/mihaispataru\/\" title=\"Posts by Mihaela Spataru\" rel=\"author\">Mihaela Spataru<\/a><\/span><span class=\"eael-posted-on\"><time datetime=\"August 8, 2024\">August 8, 2024<\/time><\/span><\/div><\/div><\/div><\/div>\n        <\/div>\n    <\/article><article class=\"eael-grid-post eael-post-grid-column\" data-id=\"1197\">\n        <div class=\"eael-grid-post-holder\">\n            <div class=\"eael-grid-post-holder-inner\"><div class=\"eael-entry-media\"><div class=\"eael-entry-overlay fade-in\"><i class=\"fas fa-long-arrow-alt-right\" aria-hidden=\"true\"><\/i><a href=\"https:\/\/doctormihaela.com\/en\/tot-ce-trebuie-sa-stii-despre-ciclul-menstrual\/\"><\/a><\/div><div class=\"eael-entry-thumbnail\">\n                <img decoding=\"async\" width=\"300\" height=\"183\" src=\"https:\/\/doctormihaela.com\/wp-content\/uploads\/2024\/08\/Always_EN_UK_Articles_A115-All-about-the-female-menstrual-cycle_ALWAYS-Menstrual-cycle-infographic.png-300x183.webp\" class=\"attachment-medium size-medium wp-image-1200\" alt=\"\" srcset=\"https:\/\/doctormihaela.com\/wp-content\/uploads\/2024\/08\/Always_EN_UK_Articles_A115-All-about-the-female-menstrual-cycle_ALWAYS-Menstrual-cycle-infographic.png-300x183.webp 300w, https:\/\/doctormihaela.com\/wp-content\/uploads\/2024\/08\/Always_EN_UK_Articles_A115-All-about-the-female-menstrual-cycle_ALWAYS-Menstrual-cycle-infographic.png-1024x625.webp 1024w, https:\/\/doctormihaela.com\/wp-content\/uploads\/2024\/08\/Always_EN_UK_Articles_A115-All-about-the-female-menstrual-cycle_ALWAYS-Menstrual-cycle-infographic.png-768x469.webp 768w, https:\/\/doctormihaela.com\/wp-content\/uploads\/2024\/08\/Always_EN_UK_Articles_A115-All-about-the-female-menstrual-cycle_ALWAYS-Menstrual-cycle-infographic.png-18x12.webp 18w, https:\/\/doctormihaela.com\/wp-content\/uploads\/2024\/08\/Always_EN_UK_Articles_A115-All-about-the-female-menstrual-cycle_ALWAYS-Menstrual-cycle-infographic.png.webp 1480w\" sizes=\"(max-width: 300px) 100vw, 300px\" \/>\n            <\/div>\n        <\/div><div class=\"eael-entry-wrapper\"><header class=\"eael-entry-header\"><h2 class=\"eael-entry-title\"><a\n                        class=\"eael-grid-post-link\"\n                        href=\"https:\/\/doctormihaela.com\/en\/tot-ce-trebuie-sa-stii-despre-ciclul-menstrual\/\"\n                        title=\"Tot ce trebuie s\u0103 \u0219tii despre ciclul menstrual\">Tot ce trebuie s\u0103 \u0219tii despre ciclul menstrual<\/a><\/h2><\/header><div class=\"eael-entry-content\">\n                        <div class=\"eael-grid-post-excerpt\"><p>Ciclul menstrual (endometrial) este un eveniment fiziologic ce const\u0103 \u00een...<\/p><a\n                            href=\"https:\/\/doctormihaela.com\/en\/tot-ce-trebuie-sa-stii-despre-ciclul-menstrual\/\"\n                            class=\"eael-post-elements-readmore-btn\">Read More<\/a><\/div>\n                    <\/div><div class=\"eael-entry-footer\"><div class=\"eael-author-avatar\"><a href=\"https:\/\/doctormihaela.com\/en\/author\/mihaispataru\/\"><img alt='Mihaela Spataru' src='https:\/\/secure.gravatar.com\/avatar\/1ddbd29e4789c6413ad065868b06d9a9e5aeee064ff49dfc43356dc568aba847?s=96&#038;d=mm&#038;r=g' srcset='https:\/\/secure.gravatar.com\/avatar\/1ddbd29e4789c6413ad065868b06d9a9e5aeee064ff49dfc43356dc568aba847?s=192&#038;d=mm&#038;r=g 2x' class='avatar avatar-96 photo' height='96' width='96' \/><\/a><\/div><div class=\"eael-entry-meta\"><span class=\"eael-posted-by\"><a href=\"https:\/\/doctormihaela.com\/en\/author\/mihaispataru\/\" title=\"Posts by Mihaela Spataru\" rel=\"author\">Mihaela Spataru<\/a><\/span><span class=\"eael-posted-on\"><time datetime=\"August 8, 2024\">August 8, 2024<\/time><\/span><\/div><\/div><\/div><\/div>\n        <\/div>\n    <\/article><article class=\"eael-grid-post eael-post-grid-column\" data-id=\"1190\">\n        <div class=\"eael-grid-post-holder\">\n            <div class=\"eael-grid-post-holder-inner\"><div class=\"eael-entry-media\"><div class=\"eael-entry-overlay fade-in\"><i class=\"fas fa-long-arrow-alt-right\" aria-hidden=\"true\"><\/i><a href=\"https:\/\/doctormihaela.com\/en\/imunoterapia-inhibitorii-de-check-point-si-efectele-adverse-endocrine\/\"><\/a><\/div><div class=\"eael-entry-thumbnail\">\n                <img loading=\"lazy\" decoding=\"async\" width=\"300\" height=\"135\" src=\"https:\/\/doctormihaela.com\/wp-content\/uploads\/2024\/07\/World-Cancer-Day-768x432.jpg-e1721828930867-300x135.webp\" class=\"attachment-medium size-medium wp-image-1191\" alt=\"\" srcset=\"https:\/\/doctormihaela.com\/wp-content\/uploads\/2024\/07\/World-Cancer-Day-768x432.jpg-e1721828930867-300x135.webp 300w, https:\/\/doctormihaela.com\/wp-content\/uploads\/2024\/07\/World-Cancer-Day-768x432.jpg-e1721828930867-18x8.webp 18w, https:\/\/doctormihaela.com\/wp-content\/uploads\/2024\/07\/World-Cancer-Day-768x432.jpg-e1721828930867.webp 768w\" sizes=\"(max-width: 300px) 100vw, 300px\" \/>\n            <\/div>\n        <\/div><div class=\"eael-entry-wrapper\"><header class=\"eael-entry-header\"><h2 class=\"eael-entry-title\"><a\n                        class=\"eael-grid-post-link\"\n                        href=\"https:\/\/doctormihaela.com\/en\/imunoterapia-inhibitorii-de-check-point-si-efectele-adverse-endocrine\/\"\n                        title=\"Imunoterapia (Inhibitorii de check-point) \u0219i efectele adverse endocrine \u00a0\">Imunoterapia (Inhibitorii de check-point) \u0219i efectele adverse endocrine \u00a0<\/a><\/h2><\/header><div class=\"eael-entry-content\">\n                        <div class=\"eael-grid-post-excerpt\"><p>Imuniterapia este o terapie revolu\u021bionar\u0103 utilizat\u0103 \u00een sfera oncologic\u0103 cu...<\/p><a\n                            href=\"https:\/\/doctormihaela.com\/en\/imunoterapia-inhibitorii-de-check-point-si-efectele-adverse-endocrine\/\"\n                            class=\"eael-post-elements-readmore-btn\">Read More<\/a><\/div>\n                    <\/div><div class=\"eael-entry-footer\"><div class=\"eael-author-avatar\"><a href=\"https:\/\/doctormihaela.com\/en\/author\/mihaispataru\/\"><img alt='Mihaela Spataru' src='https:\/\/secure.gravatar.com\/avatar\/1ddbd29e4789c6413ad065868b06d9a9e5aeee064ff49dfc43356dc568aba847?s=96&#038;d=mm&#038;r=g' srcset='https:\/\/secure.gravatar.com\/avatar\/1ddbd29e4789c6413ad065868b06d9a9e5aeee064ff49dfc43356dc568aba847?s=192&#038;d=mm&#038;r=g 2x' class='avatar avatar-96 photo' height='96' width='96' \/><\/a><\/div><div class=\"eael-entry-meta\"><span class=\"eael-posted-by\"><a href=\"https:\/\/doctormihaela.com\/en\/author\/mihaispataru\/\" title=\"Posts by Mihaela Spataru\" rel=\"author\">Mihaela Spataru<\/a><\/span><span class=\"eael-posted-on\"><time datetime=\"July 24, 2024\">July 24, 2024<\/time><\/span><\/div><\/div><\/div><\/div>\n        <\/div>\n    <\/article><\/div>\n            <div class=\"clearfix\"><\/div>\n        <\/div>\t\t<\/div>\n\t\t\t\t<\/div>\n\t\t\t\t\t<\/div>\n\t\t<\/div>\n\t\t\t\t\t<\/div>\n\t\t<\/section>\n\t\t\t\t<\/div>","protected":false},"excerpt":{"rendered":"<p>DIVERSE Ovarul &#8211; cea mai pre\u021bioas\u0103 bijuterie a unei femei Ovarul este gonada sexuala feminin\u0103, fiind o glanda pereche aflata&#8230; Read More Mihaela SpataruAugust 8, 2024 Tot ce trebuie sa \u0219tii despre ciclul menstrual Ciclul menstrual (endometrial) este un eveniment fiziologic ce consta in&#8230; Read More Mihaela SpataruAugust 8, 2024 Imunoterapia (Inhibitorii de check-point) \u0219i [&hellip;]<\/p>","protected":false},"author":5,"featured_media":0,"parent":0,"menu_order":0,"comment_status":"closed","ping_status":"closed","template":"elementor_header_footer","meta":{"om_disable_all_campaigns":false,"_monsterinsights_skip_tracking":false,"_monsterinsights_sitenote_active":false,"_monsterinsights_sitenote_note":"","_monsterinsights_sitenote_category":0,"_uf_show_specific_survey":0,"_uf_disable_surveys":false,"footnotes":""},"class_list":["post-1297","page","type-page","status-publish","hentry"],"blocksy_meta":{"styles_descriptor":{"styles":{"desktop":"","tablet":"","mobile":""},"google_fonts":[]}},"yoast_head":"<!-- This site is optimized with the Yoast SEO plugin v24.5 - https:\/\/yoast.com\/wordpress\/plugins\/seo\/ -->\n<title>Diverse - EndoSun | Educa\u021bie medical\u0103 - Tot ce trebuie s\u0103 \u0219tii!<\/title>\n<meta name=\"robots\" content=\"index, follow, max-snippet:-1, max-image-preview:large, max-video-preview:-1\" \/>\n<link rel=\"canonical\" href=\"https:\/\/doctormihaela.com\/en\/diverse\/\" \/>\n<meta property=\"og:locale\" content=\"en_US\" \/>\n<meta property=\"og:type\" content=\"article\" \/>\n<meta property=\"og:title\" content=\"Diverse - EndoSun | Educa\u021bie medical\u0103 - Tot ce trebuie s\u0103 \u0219tii!\" \/>\n<meta property=\"og:description\" content=\"DIVERSE Ovarul &#8211; cea mai pre\u021bioas\u0103 bijuterie a unei femei Ovarul este gonada sexuala feminin\u0103, fiind o glanda pereche aflata&#8230; Read More Mihaela SpataruAugust 8, 2024 Tot ce trebuie sa \u0219tii despre ciclul menstrual Ciclul menstrual (endometrial) este un eveniment fiziologic ce consta in&#8230; Read More Mihaela SpataruAugust 8, 2024 Imunoterapia (Inhibitorii de check-point) \u0219i [&hellip;]\" \/>\n<meta property=\"og:url\" content=\"https:\/\/doctormihaela.com\/en\/diverse\/\" \/>\n<meta property=\"og:site_name\" content=\"EndoSun | Educa\u021bie medical\u0103 - Tot ce trebuie s\u0103 \u0219tii!\" \/>\n<meta property=\"article:modified_time\" content=\"2024-10-16T16:30:03+00:00\" \/>\n<meta property=\"og:image\" content=\"https:\/\/doctormihaela.com\/wp-content\/uploads\/2024\/08\/FvZzohbe3GPMm3EiGyZZwd-1200-80.jpg-300x214.webp\" \/>\n<meta name=\"twitter:card\" content=\"summary_large_image\" \/>\n<script type=\"application\/ld+json\" class=\"yoast-schema-graph\">{\"@context\":\"https:\/\/schema.org\",\"@graph\":[{\"@type\":\"WebPage\",\"@id\":\"https:\/\/doctormihaela.com\/diverse\/\",\"url\":\"https:\/\/doctormihaela.com\/diverse\/\",\"name\":\"Diverse - EndoSun | Educa\u021bie medical\u0103 - Tot ce trebuie s\u0103 \u0219tii!\",\"isPartOf\":{\"@id\":\"https:\/\/doctormihaela.com\/#website\"},\"primaryImageOfPage\":{\"@id\":\"https:\/\/doctormihaela.com\/diverse\/#primaryimage\"},\"image\":{\"@id\":\"https:\/\/doctormihaela.com\/diverse\/#primaryimage\"},\"thumbnailUrl\":\"https:\/\/doctormihaela.com\/wp-content\/uploads\/2024\/08\/FvZzohbe3GPMm3EiGyZZwd-1200-80.jpg-300x214.webp\",\"datePublished\":\"2024-10-16T16:22:56+00:00\",\"dateModified\":\"2024-10-16T16:30:03+00:00\",\"breadcrumb\":{\"@id\":\"https:\/\/doctormihaela.com\/diverse\/#breadcrumb\"},\"inLanguage\":\"en-US\",\"potentialAction\":[{\"@type\":\"ReadAction\",\"target\":[\"https:\/\/doctormihaela.com\/diverse\/\"]}]},{\"@type\":\"ImageObject\",\"inLanguage\":\"en-US\",\"@id\":\"https:\/\/doctormihaela.com\/diverse\/#primaryimage\",\"url\":\"https:\/\/doctormihaela.com\/wp-content\/uploads\/2024\/08\/FvZzohbe3GPMm3EiGyZZwd-1200-80.jpg-300x214.webp\",\"contentUrl\":\"https:\/\/doctormihaela.com\/wp-content\/uploads\/2024\/08\/FvZzohbe3GPMm3EiGyZZwd-1200-80.jpg-300x214.webp\"},{\"@type\":\"BreadcrumbList\",\"@id\":\"https:\/\/doctormihaela.com\/diverse\/#breadcrumb\",\"itemListElement\":[{\"@type\":\"ListItem\",\"position\":1,\"name\":\"Home\",\"item\":\"https:\/\/doctormihaela.com\/\"},{\"@type\":\"ListItem\",\"position\":2,\"name\":\"Diverse\"}]},{\"@type\":\"WebSite\",\"@id\":\"https:\/\/doctormihaela.com\/#website\",\"url\":\"https:\/\/doctormihaela.com\/\",\"name\":\"EndoSun\",\"description\":\"\",\"publisher\":{\"@id\":\"https:\/\/doctormihaela.com\/#\/schema\/person\/82bf963db06fe6b0f7a7dd27c907c6d7\"},\"potentialAction\":[{\"@type\":\"SearchAction\",\"target\":{\"@type\":\"EntryPoint\",\"urlTemplate\":\"https:\/\/doctormihaela.com\/?s={search_term_string}\"},\"query-input\":{\"@type\":\"PropertyValueSpecification\",\"valueRequired\":true,\"valueName\":\"search_term_string\"}}],\"inLanguage\":\"en-US\"},{\"@type\":[\"Person\",\"Organization\"],\"@id\":\"https:\/\/doctormihaela.com\/#\/schema\/person\/82bf963db06fe6b0f7a7dd27c907c6d7\",\"name\":\"Mihaela Spataru\",\"image\":{\"@type\":\"ImageObject\",\"inLanguage\":\"en-US\",\"@id\":\"https:\/\/doctormihaela.com\/#\/schema\/person\/image\/\",\"url\":\"https:\/\/doctormihaela.com\/wp-content\/uploads\/2024\/05\/EndoSun_Logo_smaller.png\",\"contentUrl\":\"https:\/\/doctormihaela.com\/wp-content\/uploads\/2024\/05\/EndoSun_Logo_smaller.png\",\"width\":461,\"height\":134,\"caption\":\"Mihaela Spataru\"},\"logo\":{\"@id\":\"https:\/\/doctormihaela.com\/#\/schema\/person\/image\/\"}}]}<\/script>\n<!-- \/ Yoast SEO plugin. -->","yoast_head_json":{"title":"Diverse - EndoSun | Educa\u021bie medical\u0103 - Tot ce trebuie s\u0103 \u0219tii!","robots":{"index":"index","follow":"follow","max-snippet":"max-snippet:-1","max-image-preview":"max-image-preview:large","max-video-preview":"max-video-preview:-1"},"canonical":"https:\/\/doctormihaela.com\/en\/diverse\/","og_locale":"en_US","og_type":"article","og_title":"Diverse - EndoSun | Educa\u021bie medical\u0103 - Tot ce trebuie s\u0103 \u0219tii!","og_description":"DIVERSE Ovarul &#8211; cea mai pre\u021bioas\u0103 bijuterie a unei femei Ovarul este gonada sexuala feminin\u0103, fiind o glanda pereche aflata&#8230; Read More Mihaela SpataruAugust 8, 2024 Tot ce trebuie sa \u0219tii despre ciclul menstrual Ciclul menstrual (endometrial) este un eveniment fiziologic ce consta in&#8230; Read More Mihaela SpataruAugust 8, 2024 Imunoterapia (Inhibitorii de check-point) \u0219i [&hellip;]","og_url":"https:\/\/doctormihaela.com\/en\/diverse\/","og_site_name":"EndoSun | Educa\u021bie medical\u0103 - Tot ce trebuie s\u0103 \u0219tii!","article_modified_time":"2024-10-16T16:30:03+00:00","og_image":[{"url":"https:\/\/doctormihaela.com\/wp-content\/uploads\/2024\/08\/FvZzohbe3GPMm3EiGyZZwd-1200-80.jpg-300x214.webp","type":"","width":"","height":""}],"twitter_card":"summary_large_image","schema":{"@context":"https:\/\/schema.org","@graph":[{"@type":"WebPage","@id":"https:\/\/doctormihaela.com\/diverse\/","url":"https:\/\/doctormihaela.com\/diverse\/","name":"Diverse - EndoSun | Educa\u021bie medical\u0103 - Tot ce trebuie s\u0103 \u0219tii!","isPartOf":{"@id":"https:\/\/doctormihaela.com\/#website"},"primaryImageOfPage":{"@id":"https:\/\/doctormihaela.com\/diverse\/#primaryimage"},"image":{"@id":"https:\/\/doctormihaela.com\/diverse\/#primaryimage"},"thumbnailUrl":"https:\/\/doctormihaela.com\/wp-content\/uploads\/2024\/08\/FvZzohbe3GPMm3EiGyZZwd-1200-80.jpg-300x214.webp","datePublished":"2024-10-16T16:22:56+00:00","dateModified":"2024-10-16T16:30:03+00:00","breadcrumb":{"@id":"https:\/\/doctormihaela.com\/diverse\/#breadcrumb"},"inLanguage":"en-US","potentialAction":[{"@type":"ReadAction","target":["https:\/\/doctormihaela.com\/diverse\/"]}]},{"@type":"ImageObject","inLanguage":"en-US","@id":"https:\/\/doctormihaela.com\/diverse\/#primaryimage","url":"https:\/\/doctormihaela.com\/wp-content\/uploads\/2024\/08\/FvZzohbe3GPMm3EiGyZZwd-1200-80.jpg-300x214.webp","contentUrl":"https:\/\/doctormihaela.com\/wp-content\/uploads\/2024\/08\/FvZzohbe3GPMm3EiGyZZwd-1200-80.jpg-300x214.webp"},{"@type":"BreadcrumbList","@id":"https:\/\/doctormihaela.com\/diverse\/#breadcrumb","itemListElement":[{"@type":"ListItem","position":1,"name":"Home","item":"https:\/\/doctormihaela.com\/"},{"@type":"ListItem","position":2,"name":"Diverse"}]},{"@type":"WebSite","@id":"https:\/\/doctormihaela.com\/#website","url":"https:\/\/doctormihaela.com\/","name":"EndoSun","description":"","publisher":{"@id":"https:\/\/doctormihaela.com\/#\/schema\/person\/82bf963db06fe6b0f7a7dd27c907c6d7"},"potentialAction":[{"@type":"SearchAction","target":{"@type":"EntryPoint","urlTemplate":"https:\/\/doctormihaela.com\/?s={search_term_string}"},"query-input":{"@type":"PropertyValueSpecification","valueRequired":true,"valueName":"search_term_string"}}],"inLanguage":"en-US"},{"@type":["Person","Organization"],"@id":"https:\/\/doctormihaela.com\/#\/schema\/person\/82bf963db06fe6b0f7a7dd27c907c6d7","name":"Mihaela Spataru","image":{"@type":"ImageObject","inLanguage":"en-US","@id":"https:\/\/doctormihaela.com\/#\/schema\/person\/image\/","url":"https:\/\/doctormihaela.com\/wp-content\/uploads\/2024\/05\/EndoSun_Logo_smaller.png","contentUrl":"https:\/\/doctormihaela.com\/wp-content\/uploads\/2024\/05\/EndoSun_Logo_smaller.png","width":461,"height":134,"caption":"Mihaela Spataru"},"logo":{"@id":"https:\/\/doctormihaela.com\/#\/schema\/person\/image\/"}}]}},"_links":{"self":[{"href":"https:\/\/doctormihaela.com\/en\/wp-json\/wp\/v2\/pages\/1297","targetHints":{"allow":["GET"]}}],"collection":[{"href":"https:\/\/doctormihaela.com\/en\/wp-json\/wp\/v2\/pages"}],"about":[{"href":"https:\/\/doctormihaela.com\/en\/wp-json\/wp\/v2\/types\/page"}],"author":[{"embeddable":true,"href":"https:\/\/doctormihaela.com\/en\/wp-json\/wp\/v2\/users\/5"}],"replies":[{"embeddable":true,"href":"https:\/\/doctormihaela.com\/en\/wp-json\/wp\/v2\/comments?post=1297"}],"version-history":[{"count":7,"href":"https:\/\/doctormihaela.com\/en\/wp-json\/wp\/v2\/pages\/1297\/revisions"}],"predecessor-version":[{"id":1316,"href":"https:\/\/doctormihaela.com\/en\/wp-json\/wp\/v2\/pages\/1297\/revisions\/1316"}],"wp:attachment":[{"href":"https:\/\/doctormihaela.com\/en\/wp-json\/wp\/v2\/media?parent=1297"}],"curies":[{"name":"wp","href":"https:\/\/api.w.org\/{rel}","templated":true}]}}