{"id":1276,"date":"2024-10-16T12:16:07","date_gmt":"2024-10-16T16:16:07","guid":{"rendered":"https:\/\/doctormihaela.com\/?page_id=1276"},"modified":"2024-10-16T12:29:47","modified_gmt":"2024-10-16T16:29:47","slug":"afectiunile-glandei-tiroide","status":"publish","type":"page","link":"https:\/\/doctormihaela.com\/en\/afectiunile-glandei-tiroide\/","title":{"rendered":"Afectiunile glandei tiroide"},"content":{"rendered":"<div data-elementor-type=\"wp-page\" data-elementor-id=\"1276\" class=\"elementor elementor-1276\">\n\t\t\t\t\t\t<section class=\"elementor-section elementor-top-section elementor-element elementor-element-f116a01 elementor-section-boxed elementor-section-height-default elementor-section-height-default\" data-id=\"f116a01\" data-element_type=\"section\" data-settings=\"{&quot;background_background&quot;:&quot;gradient&quot;}\">\n\t\t\t\t\t\t<div class=\"elementor-container elementor-column-gap-default\">\n\t\t\t\t\t<div class=\"elementor-column elementor-col-100 elementor-top-column elementor-element elementor-element-39d2220\" data-id=\"39d2220\" data-element_type=\"column\">\n\t\t\t<div class=\"elementor-widget-wrap elementor-element-populated\">\n\t\t\t\t\t\t<div class=\"elementor-element elementor-element-3afb1be elementor-invisible elementor-widget elementor-widget-heading\" data-id=\"3afb1be\" data-element_type=\"widget\" data-settings=\"{&quot;_animation&quot;:&quot;fadeInRight&quot;}\" data-widget_type=\"heading.default\">\n\t\t\t\t<div class=\"elementor-widget-container\">\n\t\t\t<h2 class=\"elementor-heading-title elementor-size-default\">Afec\u021biunile glandei tiroide<\/h2>\t\t<\/div>\n\t\t\t\t<\/div>\n\t\t\t\t<div class=\"elementor-element elementor-element-b249656 elementor-widget-divider--view-line elementor-invisible elementor-widget elementor-widget-divider\" data-id=\"b249656\" data-element_type=\"widget\" data-settings=\"{&quot;_animation&quot;:&quot;fadeInRight&quot;,&quot;_animation_delay&quot;:500}\" data-widget_type=\"divider.default\">\n\t\t\t\t<div class=\"elementor-widget-container\">\n\t\t\t\t\t<div class=\"elementor-divider\">\n\t\t\t<span class=\"elementor-divider-separator\">\n\t\t\t\t\t\t<\/span>\n\t\t<\/div>\n\t\t\t\t<\/div>\n\t\t\t\t<\/div>\n\t\t\t\t\t<\/div>\n\t\t<\/div>\n\t\t\t\t\t<\/div>\n\t\t<\/section>\n\t\t\t\t<section class=\"elementor-section elementor-top-section elementor-element elementor-element-a214793 elementor-section-boxed elementor-section-height-default elementor-section-height-default\" data-id=\"a214793\" data-element_type=\"section\">\n\t\t\t\t\t\t<div class=\"elementor-container elementor-column-gap-default\">\n\t\t\t\t\t<div class=\"elementor-column elementor-col-100 elementor-top-column elementor-element elementor-element-24a60da\" data-id=\"24a60da\" data-element_type=\"column\">\n\t\t\t<div class=\"elementor-widget-wrap\">\n\t\t\t\t\t\t\t<\/div>\n\t\t<\/div>\n\t\t\t\t\t<\/div>\n\t\t<\/section>\n\t\t\t\t<section class=\"elementor-section elementor-top-section elementor-element elementor-element-56c27d7 elementor-section-boxed elementor-section-height-default elementor-section-height-default\" data-id=\"56c27d7\" data-element_type=\"section\">\n\t\t\t\t\t\t<div class=\"elementor-container elementor-column-gap-default\">\n\t\t\t\t\t<div class=\"elementor-column elementor-col-100 elementor-top-column elementor-element elementor-element-76aa79c\" data-id=\"76aa79c\" data-element_type=\"column\">\n\t\t\t<div class=\"elementor-widget-wrap elementor-element-populated\">\n\t\t\t\t\t\t<div class=\"elementor-element elementor-element-6ca0edc elementor-widget__width-initial elementor-grid-eael-col-4 elementor-grid-tablet-eael-col-2 elementor-grid-mobile-eael-col-1 elementor-widget elementor-widget-eael-post-grid\" data-id=\"6ca0edc\" data-element_type=\"widget\" data-settings=\"{&quot;eael_post_grid_columns&quot;:&quot;eael-col-4&quot;,&quot;eael_post_grid_columns_tablet&quot;:&quot;eael-col-2&quot;,&quot;eael_post_grid_columns_mobile&quot;:&quot;eael-col-1&quot;}\" data-widget_type=\"eael-post-grid.default\">\n\t\t\t\t<div class=\"elementor-widget-container\">\n\t\t\t<div id=\"eael-post-grid-6ca0edc\" class=\"eael-post-grid-container\">\n            <div class=\"eael-post-grid eael-post-appender eael-post-appender-6ca0edc eael-post-grid-style-one\" data-layout-mode=\"masonry\"><article class=\"eael-grid-post eael-post-grid-column\" data-id=\"1184\">\n        <div class=\"eael-grid-post-holder\">\n            <div class=\"eael-grid-post-holder-inner\"><div class=\"eael-entry-media\"><div class=\"eael-entry-overlay fade-in\"><i class=\"fas fa-long-arrow-alt-right\" aria-hidden=\"true\"><\/i><a href=\"https:\/\/doctormihaela.com\/en\/tiroidita-cronica-autoimuna-tiroidita-hashimoto-pe-intelesul-tuturor\/\"><\/a><\/div><div class=\"eael-entry-thumbnail\">\n                <img decoding=\"async\" width=\"300\" height=\"150\" src=\"https:\/\/doctormihaela.com\/wp-content\/uploads\/2024\/07\/What-is-Thyroiditis-300x150.jpg\" class=\"attachment-medium size-medium wp-image-1186\" alt=\"\" srcset=\"https:\/\/doctormihaela.com\/wp-content\/uploads\/2024\/07\/What-is-Thyroiditis-300x150.jpg 300w, https:\/\/doctormihaela.com\/wp-content\/uploads\/2024\/07\/What-is-Thyroiditis-768x384.jpg 768w, https:\/\/doctormihaela.com\/wp-content\/uploads\/2024\/07\/What-is-Thyroiditis-18x9.jpg 18w, https:\/\/doctormihaela.com\/wp-content\/uploads\/2024\/07\/What-is-Thyroiditis-e1721825678681.jpg 816w\" sizes=\"(max-width: 300px) 100vw, 300px\" \/>\n            <\/div>\n        <\/div><div class=\"eael-entry-wrapper\"><header class=\"eael-entry-header\"><h2 class=\"eael-entry-title\"><a\n                        class=\"eael-grid-post-link\"\n                        href=\"https:\/\/doctormihaela.com\/en\/tiroidita-cronica-autoimuna-tiroidita-hashimoto-pe-intelesul-tuturor\/\"\n                        title=\"Tiroidita cronic\u0103 autoimun\u0103 (Tiroidita Hashimoto) pe \u00een\u021belesul tuturor\">Tiroidita cronic\u0103 autoimun\u0103 (Tiroidita Hashimoto) pe \u00een\u021belesul tuturor<\/a><\/h2><\/header><div class=\"eael-entry-content\">\n                        <div class=\"eael-grid-post-excerpt\"><p>Este tiroidita Hashimoto o boal\u0103 sever\u0103? Cum iti poate schimba...<\/p><a\n                            href=\"https:\/\/doctormihaela.com\/en\/tiroidita-cronica-autoimuna-tiroidita-hashimoto-pe-intelesul-tuturor\/\"\n                            class=\"eael-post-elements-readmore-btn\">Read More<\/a><\/div>\n                    <\/div><div class=\"eael-entry-footer\"><div class=\"eael-author-avatar\"><a href=\"https:\/\/doctormihaela.com\/en\/author\/mihaispataru\/\"><img alt='Mihaela Spataru' src='https:\/\/secure.gravatar.com\/avatar\/1ddbd29e4789c6413ad065868b06d9a9e5aeee064ff49dfc43356dc568aba847?s=96&#038;d=mm&#038;r=g' srcset='https:\/\/secure.gravatar.com\/avatar\/1ddbd29e4789c6413ad065868b06d9a9e5aeee064ff49dfc43356dc568aba847?s=192&#038;d=mm&#038;r=g 2x' class='avatar avatar-96 photo' height='96' width='96' \/><\/a><\/div><div class=\"eael-entry-meta\"><span class=\"eael-posted-by\"><a href=\"https:\/\/doctormihaela.com\/en\/author\/mihaispataru\/\" title=\"Posts by Mihaela Spataru\" rel=\"author\">Mihaela Spataru<\/a><\/span><span class=\"eael-posted-on\"><time datetime=\"July 24, 2024\">July 24, 2024<\/time><\/span><\/div><\/div><\/div><\/div>\n        <\/div>\n    <\/article><article class=\"eael-grid-post eael-post-grid-column\" data-id=\"1176\">\n        <div class=\"eael-grid-post-holder\">\n            <div class=\"eael-grid-post-holder-inner\"><div class=\"eael-entry-media\"><div class=\"eael-entry-overlay fade-in\"><i class=\"fas fa-long-arrow-alt-right\" aria-hidden=\"true\"><\/i><a href=\"https:\/\/doctormihaela.com\/en\/hipotiroidismul\/\"><\/a><\/div><div class=\"eael-entry-thumbnail\">\n                <img fetchpriority=\"high\" decoding=\"async\" width=\"300\" height=\"200\" src=\"https:\/\/doctormihaela.com\/wp-content\/uploads\/2024\/07\/6_322319c0-29c7-402c-870a-53c2a43c5e1d_480x480.png-300x200.webp\" class=\"attachment-medium size-medium wp-image-1183\" alt=\"\" srcset=\"https:\/\/doctormihaela.com\/wp-content\/uploads\/2024\/07\/6_322319c0-29c7-402c-870a-53c2a43c5e1d_480x480.png-300x200.webp 300w, https:\/\/doctormihaela.com\/wp-content\/uploads\/2024\/07\/6_322319c0-29c7-402c-870a-53c2a43c5e1d_480x480.png-18x12.webp 18w, https:\/\/doctormihaela.com\/wp-content\/uploads\/2024\/07\/6_322319c0-29c7-402c-870a-53c2a43c5e1d_480x480.png.webp 480w\" sizes=\"(max-width: 300px) 100vw, 300px\" \/>\n            <\/div>\n        <\/div><div class=\"eael-entry-wrapper\"><header class=\"eael-entry-header\"><h2 class=\"eael-entry-title\"><a\n                        class=\"eael-grid-post-link\"\n                        href=\"https:\/\/doctormihaela.com\/en\/hipotiroidismul\/\"\n                        title=\"Hipotiroidismul\">Hipotiroidismul<\/a><\/h2><\/header><div class=\"eael-entry-content\">\n                        <div class=\"eael-grid-post-excerpt\"><p>Ce este hipotiroidismul? Hipotiroidismul reprezint\u0103 sc\u0103derea nivelului de hormoni tiroidieni...<\/p><a\n                            href=\"https:\/\/doctormihaela.com\/en\/hipotiroidismul\/\"\n                            class=\"eael-post-elements-readmore-btn\">Read More<\/a><\/div>\n                    <\/div><div class=\"eael-entry-footer\"><div class=\"eael-author-avatar\"><a href=\"https:\/\/doctormihaela.com\/en\/author\/mihaispataru\/\"><img alt='Mihaela Spataru' src='https:\/\/secure.gravatar.com\/avatar\/1ddbd29e4789c6413ad065868b06d9a9e5aeee064ff49dfc43356dc568aba847?s=96&#038;d=mm&#038;r=g' srcset='https:\/\/secure.gravatar.com\/avatar\/1ddbd29e4789c6413ad065868b06d9a9e5aeee064ff49dfc43356dc568aba847?s=192&#038;d=mm&#038;r=g 2x' class='avatar avatar-96 photo' height='96' width='96' \/><\/a><\/div><div class=\"eael-entry-meta\"><span class=\"eael-posted-by\"><a href=\"https:\/\/doctormihaela.com\/en\/author\/mihaispataru\/\" title=\"Posts by Mihaela Spataru\" rel=\"author\">Mihaela Spataru<\/a><\/span><span class=\"eael-posted-on\"><time datetime=\"July 9, 2024\">July 9, 2024<\/time><\/span><\/div><\/div><\/div><\/div>\n        <\/div>\n    <\/article><article class=\"eael-grid-post eael-post-grid-column\" data-id=\"1169\">\n        <div class=\"eael-grid-post-holder\">\n            <div class=\"eael-grid-post-holder-inner\"><div class=\"eael-entry-media\"><div class=\"eael-entry-overlay fade-in\"><i class=\"fas fa-long-arrow-alt-right\" aria-hidden=\"true\"><\/i><a href=\"https:\/\/doctormihaela.com\/en\/tiroidita-cronica-autoimuna-hipotiroidismul-si-sarcina\/\"><\/a><\/div><div class=\"eael-entry-thumbnail\">\n                <img decoding=\"async\" width=\"300\" height=\"169\" src=\"https:\/\/doctormihaela.com\/wp-content\/uploads\/2024\/07\/AdobeStock_202532077_Edit.psd.iCfQ54XYMeW__a9jYBMA.G4OXRzGjWN-379fac7612b3cee5cf81925f0aa4e804-300x169.jpg\" class=\"attachment-medium size-medium wp-image-1172\" alt=\"\" srcset=\"https:\/\/doctormihaela.com\/wp-content\/uploads\/2024\/07\/AdobeStock_202532077_Edit.psd.iCfQ54XYMeW__a9jYBMA.G4OXRzGjWN-379fac7612b3cee5cf81925f0aa4e804-300x169.jpg 300w, https:\/\/doctormihaela.com\/wp-content\/uploads\/2024\/07\/AdobeStock_202532077_Edit.psd.iCfQ54XYMeW__a9jYBMA.G4OXRzGjWN-379fac7612b3cee5cf81925f0aa4e804-18x10.jpg 18w, https:\/\/doctormihaela.com\/wp-content\/uploads\/2024\/07\/AdobeStock_202532077_Edit.psd.iCfQ54XYMeW__a9jYBMA.G4OXRzGjWN-379fac7612b3cee5cf81925f0aa4e804-e1720450891531.jpg 575w\" sizes=\"(max-width: 300px) 100vw, 300px\" \/>\n            <\/div>\n        <\/div><div class=\"eael-entry-wrapper\"><header class=\"eael-entry-header\"><h2 class=\"eael-entry-title\"><a\n                        class=\"eael-grid-post-link\"\n                        href=\"https:\/\/doctormihaela.com\/en\/tiroidita-cronica-autoimuna-hipotiroidismul-si-sarcina\/\"\n                        title=\"Tiroidita cronica autoimun\u0103, hipotiroidismul \u0219i sarcina\">Tiroidita cronica autoimun\u0103, hipotiroidismul \u0219i sarcina<\/a><\/h2><\/header><div class=\"eael-entry-content\">\n                        <div class=\"eael-grid-post-excerpt\"><p>De ce este importanta evaluarea \u00eenainte de sarcina? Persoanele cu...<\/p><a\n                            href=\"https:\/\/doctormihaela.com\/en\/tiroidita-cronica-autoimuna-hipotiroidismul-si-sarcina\/\"\n                            class=\"eael-post-elements-readmore-btn\">Read More<\/a><\/div>\n                    <\/div><div class=\"eael-entry-footer\"><div class=\"eael-author-avatar\"><a href=\"https:\/\/doctormihaela.com\/en\/author\/mihaispataru\/\"><img alt='Mihaela Spataru' src='https:\/\/secure.gravatar.com\/avatar\/1ddbd29e4789c6413ad065868b06d9a9e5aeee064ff49dfc43356dc568aba847?s=96&#038;d=mm&#038;r=g' srcset='https:\/\/secure.gravatar.com\/avatar\/1ddbd29e4789c6413ad065868b06d9a9e5aeee064ff49dfc43356dc568aba847?s=192&#038;d=mm&#038;r=g 2x' class='avatar avatar-96 photo' height='96' width='96' \/><\/a><\/div><div class=\"eael-entry-meta\"><span class=\"eael-posted-by\"><a href=\"https:\/\/doctormihaela.com\/en\/author\/mihaispataru\/\" title=\"Posts by Mihaela Spataru\" rel=\"author\">Mihaela Spataru<\/a><\/span><span class=\"eael-posted-on\"><time datetime=\"July 8, 2024\">July 8, 2024<\/time><\/span><\/div><\/div><\/div><\/div>\n        <\/div>\n    <\/article><article class=\"eael-grid-post eael-post-grid-column\" data-id=\"297\">\n        <div class=\"eael-grid-post-holder\">\n            <div class=\"eael-grid-post-holder-inner\"><div class=\"eael-entry-media\"><div class=\"eael-entry-overlay fade-in\"><i class=\"fas fa-long-arrow-alt-right\" aria-hidden=\"true\"><\/i><a href=\"https:\/\/doctormihaela.com\/en\/totul-despre-glanda-tiroida\/\"><\/a><\/div><div class=\"eael-entry-thumbnail\">\n                <img loading=\"lazy\" decoding=\"async\" width=\"225\" height=\"300\" src=\"https:\/\/doctormihaela.com\/wp-content\/uploads\/2021\/06\/ThyroidDiseases_share-225x300.jpg\" class=\"attachment-medium size-medium wp-image-1152\" alt=\"\" srcset=\"https:\/\/doctormihaela.com\/wp-content\/uploads\/2021\/06\/ThyroidDiseases_share-225x300.jpg 225w, https:\/\/doctormihaela.com\/wp-content\/uploads\/2021\/06\/ThyroidDiseases_share-768x1024.jpg 768w, https:\/\/doctormihaela.com\/wp-content\/uploads\/2021\/06\/ThyroidDiseases_share-1152x1536.jpg 1152w, https:\/\/doctormihaela.com\/wp-content\/uploads\/2021\/06\/ThyroidDiseases_share-1536x2048.jpg 1536w, https:\/\/doctormihaela.com\/wp-content\/uploads\/2021\/06\/ThyroidDiseases_share-9x12.jpg 9w, https:\/\/doctormihaela.com\/wp-content\/uploads\/2021\/06\/ThyroidDiseases_share-scaled.jpg 1920w\" sizes=\"(max-width: 225px) 100vw, 225px\" \/>\n            <\/div>\n        <\/div><div class=\"eael-entry-wrapper\"><header class=\"eael-entry-header\"><h2 class=\"eael-entry-title\"><a\n                        class=\"eael-grid-post-link\"\n                        href=\"https:\/\/doctormihaela.com\/en\/totul-despre-glanda-tiroida\/\"\n                        title=\"Totul despre glanda tiroida\">Totul despre glanda tiroida<\/a><\/h2><\/header><div class=\"eael-entry-content\">\n                        <div class=\"eael-grid-post-excerpt\"><p>Ce este glanda tiroida? Tiroida este cea mai mare gland\u0103...<\/p><a\n                            href=\"https:\/\/doctormihaela.com\/en\/totul-despre-glanda-tiroida\/\"\n                            class=\"eael-post-elements-readmore-btn\">Read More<\/a><\/div>\n                    <\/div><div class=\"eael-entry-footer\"><div class=\"eael-author-avatar\"><a href=\"https:\/\/doctormihaela.com\/en\/author\/mihaispataru\/\"><img alt='Mihaela Spataru' src='https:\/\/secure.gravatar.com\/avatar\/1ddbd29e4789c6413ad065868b06d9a9e5aeee064ff49dfc43356dc568aba847?s=96&#038;d=mm&#038;r=g' srcset='https:\/\/secure.gravatar.com\/avatar\/1ddbd29e4789c6413ad065868b06d9a9e5aeee064ff49dfc43356dc568aba847?s=192&#038;d=mm&#038;r=g 2x' class='avatar avatar-96 photo' height='96' width='96' \/><\/a><\/div><div class=\"eael-entry-meta\"><span class=\"eael-posted-by\"><a href=\"https:\/\/doctormihaela.com\/en\/author\/mihaispataru\/\" title=\"Posts by Mihaela Spataru\" rel=\"author\">Mihaela Spataru<\/a><\/span><span class=\"eael-posted-on\"><time datetime=\"June 7, 2024\">June 7, 2024<\/time><\/span><\/div><\/div><\/div><\/div>\n        <\/div>\n    <\/article><\/div>\n            <div class=\"clearfix\"><\/div>\n        <\/div>\t\t<\/div>\n\t\t\t\t<\/div>\n\t\t\t\t\t<\/div>\n\t\t<\/div>\n\t\t\t\t\t<\/div>\n\t\t<\/section>\n\t\t\t\t<\/div>","protected":false},"excerpt":{"rendered":"<p>Afec\u021biunile glandei tiroide Tiroidita cronic\u0103 autoimun\u0103 (Tiroidita Hashimoto) pe \u00een\u021belesul tuturor Este tiroidita Hashimoto o boala severa? Cum iti poate schimba&#8230; Read More Mihaela SpataruJuly 24, 2024 Hipotiroidismul Ce este hipotiroidismul? Hipotiroidismul reprezint\u0103 sc\u0103derea nivelului de hormoni tiroidieni&#8230; Read More Mihaela SpataruJuly 9, 2024 Tiroidita cronica autoimun\u0103, hipotiroidismul \u0219i sarcina De ce este importanta evaluarea [&hellip;]<\/p>","protected":false},"author":5,"featured_media":0,"parent":0,"menu_order":0,"comment_status":"closed","ping_status":"closed","template":"elementor_header_footer","meta":{"om_disable_all_campaigns":false,"_monsterinsights_skip_tracking":false,"_monsterinsights_sitenote_active":false,"_monsterinsights_sitenote_note":"","_monsterinsights_sitenote_category":0,"_uf_show_specific_survey":0,"_uf_disable_surveys":false,"footnotes":""},"class_list":["post-1276","page","type-page","status-publish","hentry"],"blocksy_meta":{"styles_descriptor":{"styles":{"desktop":"","tablet":"","mobile":""},"google_fonts":[]}},"yoast_head":"<!-- This site is optimized with the Yoast SEO plugin v24.5 - https:\/\/yoast.com\/wordpress\/plugins\/seo\/ -->\n<title>Afectiunile glandei tiroide - EndoSun | Educa\u021bie medical\u0103 - Tot ce trebuie s\u0103 \u0219tii!<\/title>\n<meta name=\"robots\" content=\"index, follow, max-snippet:-1, max-image-preview:large, max-video-preview:-1\" \/>\n<link rel=\"canonical\" href=\"https:\/\/doctormihaela.com\/en\/afectiunile-glandei-tiroide\/\" \/>\n<meta property=\"og:locale\" content=\"en_US\" \/>\n<meta property=\"og:type\" content=\"article\" \/>\n<meta property=\"og:title\" content=\"Afectiunile glandei tiroide - EndoSun | Educa\u021bie medical\u0103 - Tot ce trebuie s\u0103 \u0219tii!\" \/>\n<meta property=\"og:description\" content=\"Afec\u021biunile glandei tiroide Tiroidita cronic\u0103 autoimun\u0103 (Tiroidita Hashimoto) pe \u00een\u021belesul tuturor Este tiroidita Hashimoto o boala severa? Cum iti poate schimba&#8230; Read More Mihaela SpataruJuly 24, 2024 Hipotiroidismul Ce este hipotiroidismul? Hipotiroidismul reprezint\u0103 sc\u0103derea nivelului de hormoni tiroidieni&#8230; Read More Mihaela SpataruJuly 9, 2024 Tiroidita cronica autoimun\u0103, hipotiroidismul \u0219i sarcina De ce este importanta evaluarea [&hellip;]\" \/>\n<meta property=\"og:url\" content=\"https:\/\/doctormihaela.com\/en\/afectiunile-glandei-tiroide\/\" \/>\n<meta property=\"og:site_name\" content=\"EndoSun | Educa\u021bie medical\u0103 - Tot ce trebuie s\u0103 \u0219tii!\" \/>\n<meta property=\"article:modified_time\" content=\"2024-10-16T16:29:47+00:00\" \/>\n<meta property=\"og:image\" content=\"https:\/\/doctormihaela.com\/wp-content\/uploads\/2024\/07\/What-is-Thyroiditis-300x150.jpg\" \/>\n<meta name=\"twitter:card\" content=\"summary_large_image\" \/>\n<script type=\"application\/ld+json\" class=\"yoast-schema-graph\">{\"@context\":\"https:\/\/schema.org\",\"@graph\":[{\"@type\":\"WebPage\",\"@id\":\"https:\/\/doctormihaela.com\/afectiunile-glandei-tiroide\/\",\"url\":\"https:\/\/doctormihaela.com\/afectiunile-glandei-tiroide\/\",\"name\":\"Afectiunile glandei tiroide - EndoSun | Educa\u021bie medical\u0103 - Tot ce trebuie s\u0103 \u0219tii!\",\"isPartOf\":{\"@id\":\"https:\/\/doctormihaela.com\/#website\"},\"primaryImageOfPage\":{\"@id\":\"https:\/\/doctormihaela.com\/afectiunile-glandei-tiroide\/#primaryimage\"},\"image\":{\"@id\":\"https:\/\/doctormihaela.com\/afectiunile-glandei-tiroide\/#primaryimage\"},\"thumbnailUrl\":\"https:\/\/doctormihaela.com\/wp-content\/uploads\/2024\/07\/What-is-Thyroiditis-300x150.jpg\",\"datePublished\":\"2024-10-16T16:16:07+00:00\",\"dateModified\":\"2024-10-16T16:29:47+00:00\",\"breadcrumb\":{\"@id\":\"https:\/\/doctormihaela.com\/afectiunile-glandei-tiroide\/#breadcrumb\"},\"inLanguage\":\"en-US\",\"potentialAction\":[{\"@type\":\"ReadAction\",\"target\":[\"https:\/\/doctormihaela.com\/afectiunile-glandei-tiroide\/\"]}]},{\"@type\":\"ImageObject\",\"inLanguage\":\"en-US\",\"@id\":\"https:\/\/doctormihaela.com\/afectiunile-glandei-tiroide\/#primaryimage\",\"url\":\"https:\/\/doctormihaela.com\/wp-content\/uploads\/2024\/07\/What-is-Thyroiditis-300x150.jpg\",\"contentUrl\":\"https:\/\/doctormihaela.com\/wp-content\/uploads\/2024\/07\/What-is-Thyroiditis-300x150.jpg\"},{\"@type\":\"BreadcrumbList\",\"@id\":\"https:\/\/doctormihaela.com\/afectiunile-glandei-tiroide\/#breadcrumb\",\"itemListElement\":[{\"@type\":\"ListItem\",\"position\":1,\"name\":\"Home\",\"item\":\"https:\/\/doctormihaela.com\/\"},{\"@type\":\"ListItem\",\"position\":2,\"name\":\"Afectiunile glandei tiroide\"}]},{\"@type\":\"WebSite\",\"@id\":\"https:\/\/doctormihaela.com\/#website\",\"url\":\"https:\/\/doctormihaela.com\/\",\"name\":\"EndoSun\",\"description\":\"\",\"publisher\":{\"@id\":\"https:\/\/doctormihaela.com\/#\/schema\/person\/82bf963db06fe6b0f7a7dd27c907c6d7\"},\"potentialAction\":[{\"@type\":\"SearchAction\",\"target\":{\"@type\":\"EntryPoint\",\"urlTemplate\":\"https:\/\/doctormihaela.com\/?s={search_term_string}\"},\"query-input\":{\"@type\":\"PropertyValueSpecification\",\"valueRequired\":true,\"valueName\":\"search_term_string\"}}],\"inLanguage\":\"en-US\"},{\"@type\":[\"Person\",\"Organization\"],\"@id\":\"https:\/\/doctormihaela.com\/#\/schema\/person\/82bf963db06fe6b0f7a7dd27c907c6d7\",\"name\":\"Mihaela Spataru\",\"image\":{\"@type\":\"ImageObject\",\"inLanguage\":\"en-US\",\"@id\":\"https:\/\/doctormihaela.com\/#\/schema\/person\/image\/\",\"url\":\"https:\/\/doctormihaela.com\/wp-content\/uploads\/2024\/05\/EndoSun_Logo_smaller.png\",\"contentUrl\":\"https:\/\/doctormihaela.com\/wp-content\/uploads\/2024\/05\/EndoSun_Logo_smaller.png\",\"width\":461,\"height\":134,\"caption\":\"Mihaela Spataru\"},\"logo\":{\"@id\":\"https:\/\/doctormihaela.com\/#\/schema\/person\/image\/\"}}]}<\/script>\n<!-- \/ Yoast SEO plugin. -->","yoast_head_json":{"title":"Afectiunile glandei tiroide - EndoSun | Educa\u021bie medical\u0103 - Tot ce trebuie s\u0103 \u0219tii!","robots":{"index":"index","follow":"follow","max-snippet":"max-snippet:-1","max-image-preview":"max-image-preview:large","max-video-preview":"max-video-preview:-1"},"canonical":"https:\/\/doctormihaela.com\/en\/afectiunile-glandei-tiroide\/","og_locale":"en_US","og_type":"article","og_title":"Afectiunile glandei tiroide - EndoSun | Educa\u021bie medical\u0103 - Tot ce trebuie s\u0103 \u0219tii!","og_description":"Afec\u021biunile glandei tiroide Tiroidita cronic\u0103 autoimun\u0103 (Tiroidita Hashimoto) pe \u00een\u021belesul tuturor Este tiroidita Hashimoto o boala severa? Cum iti poate schimba&#8230; Read More Mihaela SpataruJuly 24, 2024 Hipotiroidismul Ce este hipotiroidismul? Hipotiroidismul reprezint\u0103 sc\u0103derea nivelului de hormoni tiroidieni&#8230; Read More Mihaela SpataruJuly 9, 2024 Tiroidita cronica autoimun\u0103, hipotiroidismul \u0219i sarcina De ce este importanta evaluarea [&hellip;]","og_url":"https:\/\/doctormihaela.com\/en\/afectiunile-glandei-tiroide\/","og_site_name":"EndoSun | Educa\u021bie medical\u0103 - Tot ce trebuie s\u0103 \u0219tii!","article_modified_time":"2024-10-16T16:29:47+00:00","og_image":[{"url":"https:\/\/doctormihaela.com\/wp-content\/uploads\/2024\/07\/What-is-Thyroiditis-300x150.jpg","type":"","width":"","height":""}],"twitter_card":"summary_large_image","schema":{"@context":"https:\/\/schema.org","@graph":[{"@type":"WebPage","@id":"https:\/\/doctormihaela.com\/afectiunile-glandei-tiroide\/","url":"https:\/\/doctormihaela.com\/afectiunile-glandei-tiroide\/","name":"Afectiunile glandei tiroide - EndoSun | Educa\u021bie medical\u0103 - Tot ce trebuie s\u0103 \u0219tii!","isPartOf":{"@id":"https:\/\/doctormihaela.com\/#website"},"primaryImageOfPage":{"@id":"https:\/\/doctormihaela.com\/afectiunile-glandei-tiroide\/#primaryimage"},"image":{"@id":"https:\/\/doctormihaela.com\/afectiunile-glandei-tiroide\/#primaryimage"},"thumbnailUrl":"https:\/\/doctormihaela.com\/wp-content\/uploads\/2024\/07\/What-is-Thyroiditis-300x150.jpg","datePublished":"2024-10-16T16:16:07+00:00","dateModified":"2024-10-16T16:29:47+00:00","breadcrumb":{"@id":"https:\/\/doctormihaela.com\/afectiunile-glandei-tiroide\/#breadcrumb"},"inLanguage":"en-US","potentialAction":[{"@type":"ReadAction","target":["https:\/\/doctormihaela.com\/afectiunile-glandei-tiroide\/"]}]},{"@type":"ImageObject","inLanguage":"en-US","@id":"https:\/\/doctormihaela.com\/afectiunile-glandei-tiroide\/#primaryimage","url":"https:\/\/doctormihaela.com\/wp-content\/uploads\/2024\/07\/What-is-Thyroiditis-300x150.jpg","contentUrl":"https:\/\/doctormihaela.com\/wp-content\/uploads\/2024\/07\/What-is-Thyroiditis-300x150.jpg"},{"@type":"BreadcrumbList","@id":"https:\/\/doctormihaela.com\/afectiunile-glandei-tiroide\/#breadcrumb","itemListElement":[{"@type":"ListItem","position":1,"name":"Home","item":"https:\/\/doctormihaela.com\/"},{"@type":"ListItem","position":2,"name":"Afectiunile glandei tiroide"}]},{"@type":"WebSite","@id":"https:\/\/doctormihaela.com\/#website","url":"https:\/\/doctormihaela.com\/","name":"EndoSun","description":"","publisher":{"@id":"https:\/\/doctormihaela.com\/#\/schema\/person\/82bf963db06fe6b0f7a7dd27c907c6d7"},"potentialAction":[{"@type":"SearchAction","target":{"@type":"EntryPoint","urlTemplate":"https:\/\/doctormihaela.com\/?s={search_term_string}"},"query-input":{"@type":"PropertyValueSpecification","valueRequired":true,"valueName":"search_term_string"}}],"inLanguage":"en-US"},{"@type":["Person","Organization"],"@id":"https:\/\/doctormihaela.com\/#\/schema\/person\/82bf963db06fe6b0f7a7dd27c907c6d7","name":"Mihaela Spataru","image":{"@type":"ImageObject","inLanguage":"en-US","@id":"https:\/\/doctormihaela.com\/#\/schema\/person\/image\/","url":"https:\/\/doctormihaela.com\/wp-content\/uploads\/2024\/05\/EndoSun_Logo_smaller.png","contentUrl":"https:\/\/doctormihaela.com\/wp-content\/uploads\/2024\/05\/EndoSun_Logo_smaller.png","width":461,"height":134,"caption":"Mihaela Spataru"},"logo":{"@id":"https:\/\/doctormihaela.com\/#\/schema\/person\/image\/"}}]}},"_links":{"self":[{"href":"https:\/\/doctormihaela.com\/en\/wp-json\/wp\/v2\/pages\/1276","targetHints":{"allow":["GET"]}}],"collection":[{"href":"https:\/\/doctormihaela.com\/en\/wp-json\/wp\/v2\/pages"}],"about":[{"href":"https:\/\/doctormihaela.com\/en\/wp-json\/wp\/v2\/types\/page"}],"author":[{"embeddable":true,"href":"https:\/\/doctormihaela.com\/en\/wp-json\/wp\/v2\/users\/5"}],"replies":[{"embeddable":true,"href":"https:\/\/doctormihaela.com\/en\/wp-json\/wp\/v2\/comments?post=1276"}],"version-history":[{"count":5,"href":"https:\/\/doctormihaela.com\/en\/wp-json\/wp\/v2\/pages\/1276\/revisions"}],"predecessor-version":[{"id":1313,"href":"https:\/\/doctormihaela.com\/en\/wp-json\/wp\/v2\/pages\/1276\/revisions\/1313"}],"wp:attachment":[{"href":"https:\/\/doctormihaela.com\/en\/wp-json\/wp\/v2\/media?parent=1276"}],"curies":[{"name":"wp","href":"https:\/\/api.w.org\/{rel}","templated":true}]}}