{"id":1267,"date":"2024-09-24T12:00:14","date_gmt":"2024-09-24T16:00:14","guid":{"rendered":"https:\/\/doctormihaela.com\/?page_id=1267"},"modified":"2024-10-16T12:28:09","modified_gmt":"2024-10-16T16:28:09","slug":"prim-ajutor","status":"publish","type":"page","link":"https:\/\/doctormihaela.com\/en\/prim-ajutor\/","title":{"rendered":"Primul Ajutor"},"content":{"rendered":"<div data-elementor-type=\"wp-page\" data-elementor-id=\"1267\" class=\"elementor elementor-1267\">\n\t\t\t\t\t\t<section class=\"elementor-section elementor-top-section elementor-element elementor-element-f116a01 elementor-section-boxed elementor-section-height-default elementor-section-height-default\" data-id=\"f116a01\" data-element_type=\"section\" data-settings=\"{&quot;background_background&quot;:&quot;gradient&quot;}\">\n\t\t\t\t\t\t<div class=\"elementor-container elementor-column-gap-default\">\n\t\t\t\t\t<div class=\"elementor-column elementor-col-100 elementor-top-column elementor-element elementor-element-39d2220\" data-id=\"39d2220\" data-element_type=\"column\">\n\t\t\t<div class=\"elementor-widget-wrap elementor-element-populated\">\n\t\t\t\t\t\t<div class=\"elementor-element elementor-element-3afb1be elementor-invisible elementor-widget elementor-widget-heading\" data-id=\"3afb1be\" data-element_type=\"widget\" data-settings=\"{&quot;_animation&quot;:&quot;fadeInRight&quot;}\" data-widget_type=\"heading.default\">\n\t\t\t\t<div class=\"elementor-widget-container\">\n\t\t\t<h2 class=\"elementor-heading-title elementor-size-default\">Prim ajutor<\/h2>\t\t<\/div>\n\t\t\t\t<\/div>\n\t\t\t\t<div class=\"elementor-element elementor-element-b249656 elementor-widget-divider--view-line elementor-invisible elementor-widget elementor-widget-divider\" data-id=\"b249656\" data-element_type=\"widget\" data-settings=\"{&quot;_animation&quot;:&quot;fadeInRight&quot;,&quot;_animation_delay&quot;:500}\" data-widget_type=\"divider.default\">\n\t\t\t\t<div class=\"elementor-widget-container\">\n\t\t\t\t\t<div class=\"elementor-divider\">\n\t\t\t<span class=\"elementor-divider-separator\">\n\t\t\t\t\t\t<\/span>\n\t\t<\/div>\n\t\t\t\t<\/div>\n\t\t\t\t<\/div>\n\t\t\t\t\t<\/div>\n\t\t<\/div>\n\t\t\t\t\t<\/div>\n\t\t<\/section>\n\t\t\t\t<section class=\"elementor-section elementor-top-section elementor-element elementor-element-a214793 elementor-section-boxed elementor-section-height-default elementor-section-height-default\" data-id=\"a214793\" data-element_type=\"section\">\n\t\t\t\t\t\t<div class=\"elementor-container elementor-column-gap-default\">\n\t\t\t\t\t<div class=\"elementor-column elementor-col-100 elementor-top-column elementor-element elementor-element-24a60da\" data-id=\"24a60da\" data-element_type=\"column\">\n\t\t\t<div class=\"elementor-widget-wrap\">\n\t\t\t\t\t\t\t<\/div>\n\t\t<\/div>\n\t\t\t\t\t<\/div>\n\t\t<\/section>\n\t\t\t\t<section class=\"elementor-section elementor-top-section elementor-element elementor-element-56c27d7 elementor-section-boxed elementor-section-height-default elementor-section-height-default\" data-id=\"56c27d7\" data-element_type=\"section\">\n\t\t\t\t\t\t<div class=\"elementor-container elementor-column-gap-default\">\n\t\t\t\t\t<div class=\"elementor-column elementor-col-100 elementor-top-column elementor-element elementor-element-76aa79c\" data-id=\"76aa79c\" data-element_type=\"column\">\n\t\t\t<div class=\"elementor-widget-wrap elementor-element-populated\">\n\t\t\t\t\t\t<div class=\"elementor-element elementor-element-6ca0edc elementor-grid-eael-col-4 elementor-grid-tablet-eael-col-2 elementor-grid-mobile-eael-col-1 elementor-widget elementor-widget-eael-post-grid\" data-id=\"6ca0edc\" data-element_type=\"widget\" data-settings=\"{&quot;eael_post_grid_columns&quot;:&quot;eael-col-4&quot;,&quot;eael_post_grid_columns_tablet&quot;:&quot;eael-col-2&quot;,&quot;eael_post_grid_columns_mobile&quot;:&quot;eael-col-1&quot;}\" data-widget_type=\"eael-post-grid.default\">\n\t\t\t\t<div class=\"elementor-widget-container\">\n\t\t\t<div id=\"eael-post-grid-6ca0edc\" class=\"eael-post-grid-container\">\n            <div class=\"eael-post-grid eael-post-appender eael-post-appender-6ca0edc eael-post-grid-style-one\" data-layout-mode=\"masonry\"><article class=\"eael-grid-post eael-post-grid-column\" data-id=\"314\">\n        <div class=\"eael-grid-post-holder\">\n            <div class=\"eael-grid-post-holder-inner\"><div class=\"eael-entry-media\"><div class=\"eael-entry-overlay fade-in\"><i class=\"fas fa-long-arrow-alt-right\" aria-hidden=\"true\"><\/i><a href=\"https:\/\/doctormihaela.com\/en\/scurt-ghid-despre-primul-ajutor\/\"><\/a><\/div><div class=\"eael-entry-thumbnail\">\n                <img fetchpriority=\"high\" decoding=\"async\" width=\"300\" height=\"169\" src=\"https:\/\/doctormihaela.com\/wp-content\/uploads\/2021\/06\/tehnici-de-prim-ajutor-scaled-1-300x169.jpg\" class=\"attachment-medium size-medium wp-image-1075\" alt=\"\" srcset=\"https:\/\/doctormihaela.com\/wp-content\/uploads\/2021\/06\/tehnici-de-prim-ajutor-scaled-1-300x169.jpg 300w, https:\/\/doctormihaela.com\/wp-content\/uploads\/2021\/06\/tehnici-de-prim-ajutor-scaled-1-1024x576.jpg 1024w, https:\/\/doctormihaela.com\/wp-content\/uploads\/2021\/06\/tehnici-de-prim-ajutor-scaled-1-768x432.jpg 768w, https:\/\/doctormihaela.com\/wp-content\/uploads\/2021\/06\/tehnici-de-prim-ajutor-scaled-1-1536x864.jpg 1536w, https:\/\/doctormihaela.com\/wp-content\/uploads\/2021\/06\/tehnici-de-prim-ajutor-scaled-1-2048x1152.jpg 2048w, https:\/\/doctormihaela.com\/wp-content\/uploads\/2021\/06\/tehnici-de-prim-ajutor-scaled-1-18x10.jpg 18w\" sizes=\"(max-width: 300px) 100vw, 300px\" \/>\n            <\/div>\n        <\/div><div class=\"eael-entry-wrapper\"><header class=\"eael-entry-header\"><h2 class=\"eael-entry-title\"><a\n                        class=\"eael-grid-post-link\"\n                        href=\"https:\/\/doctormihaela.com\/en\/scurt-ghid-despre-primul-ajutor\/\"\n                        title=\"Scurt ghid despre Primul ajutor\">Scurt ghid despre Primul ajutor<\/a><\/h2><\/header><div class=\"eael-entry-content\">\n                        <div class=\"eael-grid-post-excerpt\"><p>Primul ajutor cuprinde totalitatea manevrelor efectuate \u00een cadrul unei urgen\u021be...<\/p><a\n                            href=\"https:\/\/doctormihaela.com\/en\/scurt-ghid-despre-primul-ajutor\/\"\n                            class=\"eael-post-elements-readmore-btn\">Read More<\/a><\/div>\n                    <\/div><div class=\"eael-entry-footer\"><div class=\"eael-author-avatar\"><a href=\"https:\/\/doctormihaela.com\/en\/author\/mihaispataru\/\"><img alt='Mihaela Spataru' src='https:\/\/secure.gravatar.com\/avatar\/1ddbd29e4789c6413ad065868b06d9a9e5aeee064ff49dfc43356dc568aba847?s=96&#038;d=mm&#038;r=g' srcset='https:\/\/secure.gravatar.com\/avatar\/1ddbd29e4789c6413ad065868b06d9a9e5aeee064ff49dfc43356dc568aba847?s=192&#038;d=mm&#038;r=g 2x' class='avatar avatar-96 photo' height='96' width='96' \/><\/a><\/div><div class=\"eael-entry-meta\"><span class=\"eael-posted-by\"><a href=\"https:\/\/doctormihaela.com\/en\/author\/mihaispataru\/\" title=\"Posts by Mihaela Spataru\" rel=\"author\">Mihaela Spataru<\/a><\/span><span class=\"eael-posted-on\"><time datetime=\"June 7, 2024\">June 7, 2024<\/time><\/span><\/div><\/div><\/div><\/div>\n        <\/div>\n    <\/article><article class=\"eael-grid-post eael-post-grid-column\" data-id=\"311\">\n        <div class=\"eael-grid-post-holder\">\n            <div class=\"eael-grid-post-holder-inner\"><div class=\"eael-entry-media\"><div class=\"eael-entry-overlay fade-in\"><i class=\"fas fa-long-arrow-alt-right\" aria-hidden=\"true\"><\/i><a href=\"https:\/\/doctormihaela.com\/en\/cum-sa-recunosti-un-avc\/\"><\/a><\/div><div class=\"eael-entry-thumbnail\">\n                <img decoding=\"async\" width=\"300\" height=\"178\" src=\"https:\/\/doctormihaela.com\/wp-content\/uploads\/2021\/06\/v456_d7zj_220811_1698495996419_1698496019640.jpg-300x178.webp\" class=\"attachment-medium size-medium wp-image-1073\" alt=\"\" srcset=\"https:\/\/doctormihaela.com\/wp-content\/uploads\/2021\/06\/v456_d7zj_220811_1698495996419_1698496019640.jpg-300x178.webp 300w, https:\/\/doctormihaela.com\/wp-content\/uploads\/2021\/06\/v456_d7zj_220811_1698495996419_1698496019640.jpg-1024x606.webp 1024w, https:\/\/doctormihaela.com\/wp-content\/uploads\/2021\/06\/v456_d7zj_220811_1698495996419_1698496019640.jpg-768x454.webp 768w, https:\/\/doctormihaela.com\/wp-content\/uploads\/2021\/06\/v456_d7zj_220811_1698495996419_1698496019640.jpg-18x12.webp 18w, https:\/\/doctormihaela.com\/wp-content\/uploads\/2021\/06\/v456_d7zj_220811_1698495996419_1698496019640.jpg.webp 1521w\" sizes=\"(max-width: 300px) 100vw, 300px\" \/>\n            <\/div>\n        <\/div><div class=\"eael-entry-wrapper\"><header class=\"eael-entry-header\"><h2 class=\"eael-entry-title\"><a\n                        class=\"eael-grid-post-link\"\n                        href=\"https:\/\/doctormihaela.com\/en\/cum-sa-recunosti-un-avc\/\"\n                        title=\"Cum s\u0103 recuno\u0219ti un AVC?\">Cum s\u0103 recuno\u0219ti un AVC?<\/a><\/h2><\/header><div class=\"eael-entry-content\">\n                        <div class=\"eael-grid-post-excerpt\"><p>Accidentul vascular cerebral (AVC) reprezint\u0103 o urgen\u021b\u0103 medical\u0103. Acesta poate...<\/p><a\n                            href=\"https:\/\/doctormihaela.com\/en\/cum-sa-recunosti-un-avc\/\"\n                            class=\"eael-post-elements-readmore-btn\">Read More<\/a><\/div>\n                    <\/div><div class=\"eael-entry-footer\"><div class=\"eael-author-avatar\"><a href=\"https:\/\/doctormihaela.com\/en\/author\/mihaispataru\/\"><img alt='Mihaela Spataru' src='https:\/\/secure.gravatar.com\/avatar\/1ddbd29e4789c6413ad065868b06d9a9e5aeee064ff49dfc43356dc568aba847?s=96&#038;d=mm&#038;r=g' srcset='https:\/\/secure.gravatar.com\/avatar\/1ddbd29e4789c6413ad065868b06d9a9e5aeee064ff49dfc43356dc568aba847?s=192&#038;d=mm&#038;r=g 2x' class='avatar avatar-96 photo' height='96' width='96' \/><\/a><\/div><div class=\"eael-entry-meta\"><span class=\"eael-posted-by\"><a href=\"https:\/\/doctormihaela.com\/en\/author\/mihaispataru\/\" title=\"Posts by Mihaela Spataru\" rel=\"author\">Mihaela Spataru<\/a><\/span><span class=\"eael-posted-on\"><time datetime=\"June 7, 2024\">June 7, 2024<\/time><\/span><\/div><\/div><\/div><\/div>\n        <\/div>\n    <\/article><article class=\"eael-grid-post eael-post-grid-column\" data-id=\"309\">\n        <div class=\"eael-grid-post-holder\">\n            <div class=\"eael-grid-post-holder-inner\"><div class=\"eael-entry-media\"><div class=\"eael-entry-overlay fade-in\"><i class=\"fas fa-long-arrow-alt-right\" aria-hidden=\"true\"><\/i><a href=\"https:\/\/doctormihaela.com\/en\/ce-ar-trebui-sa-faci-cand-iti-curge-sange-din-nas\/\"><\/a><\/div><div class=\"eael-entry-thumbnail\">\n                <img decoding=\"async\" width=\"300\" height=\"190\" src=\"https:\/\/doctormihaela.com\/wp-content\/uploads\/2021\/06\/hvnqo9J-fDnDtdje-300x190.webp\" class=\"attachment-medium size-medium wp-image-1078\" alt=\"\" srcset=\"https:\/\/doctormihaela.com\/wp-content\/uploads\/2021\/06\/hvnqo9J-fDnDtdje-300x190.webp 300w, https:\/\/doctormihaela.com\/wp-content\/uploads\/2021\/06\/hvnqo9J-fDnDtdje-1024x649.webp 1024w, https:\/\/doctormihaela.com\/wp-content\/uploads\/2021\/06\/hvnqo9J-fDnDtdje-768x487.webp 768w, https:\/\/doctormihaela.com\/wp-content\/uploads\/2021\/06\/hvnqo9J-fDnDtdje-18x12.webp 18w, https:\/\/doctormihaela.com\/wp-content\/uploads\/2021\/06\/hvnqo9J-fDnDtdje.webp 1536w\" sizes=\"(max-width: 300px) 100vw, 300px\" \/>\n            <\/div>\n        <\/div><div class=\"eael-entry-wrapper\"><header class=\"eael-entry-header\"><h2 class=\"eael-entry-title\"><a\n                        class=\"eael-grid-post-link\"\n                        href=\"https:\/\/doctormihaela.com\/en\/ce-ar-trebui-sa-faci-cand-iti-curge-sange-din-nas\/\"\n                        title=\"Ce ar trebui s\u0103 faci c\u00e2nd \u00ee\u021bi curge s\u00e2nge din nas?\">Ce ar trebui s\u0103 faci c\u00e2nd \u00ee\u021bi curge s\u00e2nge din nas?<\/a><\/h2><\/header><div class=\"eael-entry-content\">\n                        <div class=\"eael-grid-post-excerpt\"><p>Epistaxisul reprezint\u0103 termenul medical pentru scurgerea s\u00e2ngelui din nas. Epistaxisul...<\/p><a\n                            href=\"https:\/\/doctormihaela.com\/en\/ce-ar-trebui-sa-faci-cand-iti-curge-sange-din-nas\/\"\n                            class=\"eael-post-elements-readmore-btn\">Read More<\/a><\/div>\n                    <\/div><div class=\"eael-entry-footer\"><div class=\"eael-author-avatar\"><a href=\"https:\/\/doctormihaela.com\/en\/author\/mihaispataru\/\"><img alt='Mihaela Spataru' src='https:\/\/secure.gravatar.com\/avatar\/1ddbd29e4789c6413ad065868b06d9a9e5aeee064ff49dfc43356dc568aba847?s=96&#038;d=mm&#038;r=g' srcset='https:\/\/secure.gravatar.com\/avatar\/1ddbd29e4789c6413ad065868b06d9a9e5aeee064ff49dfc43356dc568aba847?s=192&#038;d=mm&#038;r=g 2x' class='avatar avatar-96 photo' height='96' width='96' \/><\/a><\/div><div class=\"eael-entry-meta\"><span class=\"eael-posted-by\"><a href=\"https:\/\/doctormihaela.com\/en\/author\/mihaispataru\/\" title=\"Posts by Mihaela Spataru\" rel=\"author\">Mihaela Spataru<\/a><\/span><span class=\"eael-posted-on\"><time datetime=\"June 7, 2024\">June 7, 2024<\/time><\/span><\/div><\/div><\/div><\/div>\n        <\/div>\n    <\/article><article class=\"eael-grid-post eael-post-grid-column\" data-id=\"307\">\n        <div class=\"eael-grid-post-holder\">\n            <div class=\"eael-grid-post-holder-inner\"><div class=\"eael-entry-media\"><div class=\"eael-entry-overlay fade-in\"><i class=\"fas fa-long-arrow-alt-right\" aria-hidden=\"true\"><\/i><a href=\"https:\/\/doctormihaela.com\/en\/ce-sa-faci-cand-cineva-se-ineaca\/\"><\/a><\/div><div class=\"eael-entry-thumbnail\">\n                <img loading=\"lazy\" decoding=\"async\" width=\"300\" height=\"200\" src=\"https:\/\/doctormihaela.com\/wp-content\/uploads\/2021\/06\/Manevra_Heimlich-2-300x200.jpg\" class=\"attachment-medium size-medium wp-image-1102\" alt=\"\" srcset=\"https:\/\/doctormihaela.com\/wp-content\/uploads\/2021\/06\/Manevra_Heimlich-2-300x200.jpg 300w, https:\/\/doctormihaela.com\/wp-content\/uploads\/2021\/06\/Manevra_Heimlich-2-768x511.jpg 768w, https:\/\/doctormihaela.com\/wp-content\/uploads\/2021\/06\/Manevra_Heimlich-2-18x12.jpg 18w, https:\/\/doctormihaela.com\/wp-content\/uploads\/2021\/06\/Manevra_Heimlich-2.jpg 1000w\" sizes=\"(max-width: 300px) 100vw, 300px\" \/>\n            <\/div>\n        <\/div><div class=\"eael-entry-wrapper\"><header class=\"eael-entry-header\"><h2 class=\"eael-entry-title\"><a\n                        class=\"eael-grid-post-link\"\n                        href=\"https:\/\/doctormihaela.com\/en\/ce-sa-faci-cand-cineva-se-ineaca\/\"\n                        title=\"Ce sa faci c\u00e2nd cineva se \u00eeneac\u0103 cu un aliment sau orice alt corp str\u0103in?\">Ce sa faci c\u00e2nd cineva se \u00eeneac\u0103 cu un aliment sau orice alt corp str\u0103in?<\/a><\/h2><\/header><div class=\"eael-entry-content\">\n                        <div class=\"eael-grid-post-excerpt\"><p>Inecul cu un aliment sau corp str\u0103in reprezint\u0103 un moment...<\/p><a\n                            href=\"https:\/\/doctormihaela.com\/en\/ce-sa-faci-cand-cineva-se-ineaca\/\"\n                            class=\"eael-post-elements-readmore-btn\">Read More<\/a><\/div>\n                    <\/div><div class=\"eael-entry-footer\"><div class=\"eael-author-avatar\"><a href=\"https:\/\/doctormihaela.com\/en\/author\/mihaispataru\/\"><img alt='Mihaela Spataru' src='https:\/\/secure.gravatar.com\/avatar\/1ddbd29e4789c6413ad065868b06d9a9e5aeee064ff49dfc43356dc568aba847?s=96&#038;d=mm&#038;r=g' srcset='https:\/\/secure.gravatar.com\/avatar\/1ddbd29e4789c6413ad065868b06d9a9e5aeee064ff49dfc43356dc568aba847?s=192&#038;d=mm&#038;r=g 2x' class='avatar avatar-96 photo' height='96' width='96' \/><\/a><\/div><div class=\"eael-entry-meta\"><span class=\"eael-posted-by\"><a href=\"https:\/\/doctormihaela.com\/en\/author\/mihaispataru\/\" title=\"Posts by Mihaela Spataru\" rel=\"author\">Mihaela Spataru<\/a><\/span><span class=\"eael-posted-on\"><time datetime=\"June 7, 2024\">June 7, 2024<\/time><\/span><\/div><\/div><\/div><\/div>\n        <\/div>\n    <\/article><\/div>\n            <div class=\"clearfix\"><\/div>\n        <\/div>\t\t<\/div>\n\t\t\t\t<\/div>\n\t\t\t\t\t<\/div>\n\t\t<\/div>\n\t\t\t\t\t<\/div>\n\t\t<\/section>\n\t\t\t\t<\/div>","protected":false},"excerpt":{"rendered":"<p>Prim ajutor Scurt ghid despre Primul ajutor Primul ajutor cuprinde totalitatea manevrelor efectuate \u00een cadrul unei urgente&#8230; Read More Mihaela SpataruJune 7, 2021 Cum sa recuno\u0219ti un AVC? Accidentul vascular cerebral (AVC) reprezint\u0103 o urgen\u021b\u0103 medical\u0103. Acesta poate&#8230; Read More Mihaela SpataruJune 7, 2021 Ce ar trebui sa faci c\u00e2nd i\u021bi curge s\u00e2nge din nas? [&hellip;]<\/p>","protected":false},"author":5,"featured_media":0,"parent":0,"menu_order":0,"comment_status":"closed","ping_status":"closed","template":"elementor_header_footer","meta":{"om_disable_all_campaigns":false,"_monsterinsights_skip_tracking":false,"_monsterinsights_sitenote_active":false,"_monsterinsights_sitenote_note":"","_monsterinsights_sitenote_category":0,"_uf_show_specific_survey":0,"_uf_disable_surveys":false,"footnotes":""},"class_list":["post-1267","page","type-page","status-publish","hentry"],"blocksy_meta":{"styles_descriptor":{"styles":{"desktop":"","tablet":"","mobile":""},"google_fonts":[]}},"yoast_head":"<!-- This site is optimized with the Yoast SEO plugin v24.5 - https:\/\/yoast.com\/wordpress\/plugins\/seo\/ -->\n<title>Primul Ajutor - EndoSun | Educa\u021bie medical\u0103 - Tot ce trebuie s\u0103 \u0219tii!<\/title>\n<meta name=\"robots\" content=\"index, follow, max-snippet:-1, max-image-preview:large, max-video-preview:-1\" \/>\n<link rel=\"canonical\" href=\"https:\/\/doctormihaela.com\/en\/prim-ajutor\/\" \/>\n<meta property=\"og:locale\" content=\"en_US\" \/>\n<meta property=\"og:type\" content=\"article\" \/>\n<meta property=\"og:title\" content=\"Primul Ajutor - EndoSun | Educa\u021bie medical\u0103 - Tot ce trebuie s\u0103 \u0219tii!\" \/>\n<meta property=\"og:description\" content=\"Prim ajutor Scurt ghid despre Primul ajutor Primul ajutor cuprinde totalitatea manevrelor efectuate \u00een cadrul unei urgente&#8230; Read More Mihaela SpataruJune 7, 2021 Cum sa recuno\u0219ti un AVC? Accidentul vascular cerebral (AVC) reprezint\u0103 o urgen\u021b\u0103 medical\u0103. Acesta poate&#8230; Read More Mihaela SpataruJune 7, 2021 Ce ar trebui sa faci c\u00e2nd i\u021bi curge s\u00e2nge din nas? [&hellip;]\" \/>\n<meta property=\"og:url\" content=\"https:\/\/doctormihaela.com\/en\/prim-ajutor\/\" \/>\n<meta property=\"og:site_name\" content=\"EndoSun | Educa\u021bie medical\u0103 - Tot ce trebuie s\u0103 \u0219tii!\" \/>\n<meta property=\"article:modified_time\" content=\"2024-10-16T16:28:09+00:00\" \/>\n<meta property=\"og:image\" content=\"https:\/\/doctormihaela.com\/wp-content\/uploads\/2021\/06\/tehnici-de-prim-ajutor-scaled-1-300x169.jpg\" \/>\n<meta name=\"twitter:card\" content=\"summary_large_image\" \/>\n<meta name=\"twitter:label1\" content=\"Est. reading time\" \/>\n\t<meta name=\"twitter:data1\" content=\"1 minute\" \/>\n<script type=\"application\/ld+json\" class=\"yoast-schema-graph\">{\"@context\":\"https:\/\/schema.org\",\"@graph\":[{\"@type\":\"WebPage\",\"@id\":\"https:\/\/doctormihaela.com\/prim-ajutor\/\",\"url\":\"https:\/\/doctormihaela.com\/prim-ajutor\/\",\"name\":\"Primul Ajutor - EndoSun | Educa\u021bie medical\u0103 - Tot ce trebuie s\u0103 \u0219tii!\",\"isPartOf\":{\"@id\":\"https:\/\/doctormihaela.com\/#website\"},\"primaryImageOfPage\":{\"@id\":\"https:\/\/doctormihaela.com\/prim-ajutor\/#primaryimage\"},\"image\":{\"@id\":\"https:\/\/doctormihaela.com\/prim-ajutor\/#primaryimage\"},\"thumbnailUrl\":\"https:\/\/doctormihaela.com\/wp-content\/uploads\/2021\/06\/tehnici-de-prim-ajutor-scaled-1-300x169.jpg\",\"datePublished\":\"2024-09-24T16:00:14+00:00\",\"dateModified\":\"2024-10-16T16:28:09+00:00\",\"breadcrumb\":{\"@id\":\"https:\/\/doctormihaela.com\/prim-ajutor\/#breadcrumb\"},\"inLanguage\":\"en-US\",\"potentialAction\":[{\"@type\":\"ReadAction\",\"target\":[\"https:\/\/doctormihaela.com\/prim-ajutor\/\"]}]},{\"@type\":\"ImageObject\",\"inLanguage\":\"en-US\",\"@id\":\"https:\/\/doctormihaela.com\/prim-ajutor\/#primaryimage\",\"url\":\"https:\/\/doctormihaela.com\/wp-content\/uploads\/2021\/06\/tehnici-de-prim-ajutor-scaled-1-300x169.jpg\",\"contentUrl\":\"https:\/\/doctormihaela.com\/wp-content\/uploads\/2021\/06\/tehnici-de-prim-ajutor-scaled-1-300x169.jpg\"},{\"@type\":\"BreadcrumbList\",\"@id\":\"https:\/\/doctormihaela.com\/prim-ajutor\/#breadcrumb\",\"itemListElement\":[{\"@type\":\"ListItem\",\"position\":1,\"name\":\"Home\",\"item\":\"https:\/\/doctormihaela.com\/\"},{\"@type\":\"ListItem\",\"position\":2,\"name\":\"Primul Ajutor\"}]},{\"@type\":\"WebSite\",\"@id\":\"https:\/\/doctormihaela.com\/#website\",\"url\":\"https:\/\/doctormihaela.com\/\",\"name\":\"EndoSun\",\"description\":\"\",\"publisher\":{\"@id\":\"https:\/\/doctormihaela.com\/#\/schema\/person\/82bf963db06fe6b0f7a7dd27c907c6d7\"},\"potentialAction\":[{\"@type\":\"SearchAction\",\"target\":{\"@type\":\"EntryPoint\",\"urlTemplate\":\"https:\/\/doctormihaela.com\/?s={search_term_string}\"},\"query-input\":{\"@type\":\"PropertyValueSpecification\",\"valueRequired\":true,\"valueName\":\"search_term_string\"}}],\"inLanguage\":\"en-US\"},{\"@type\":[\"Person\",\"Organization\"],\"@id\":\"https:\/\/doctormihaela.com\/#\/schema\/person\/82bf963db06fe6b0f7a7dd27c907c6d7\",\"name\":\"Mihaela Spataru\",\"image\":{\"@type\":\"ImageObject\",\"inLanguage\":\"en-US\",\"@id\":\"https:\/\/doctormihaela.com\/#\/schema\/person\/image\/\",\"url\":\"https:\/\/doctormihaela.com\/wp-content\/uploads\/2024\/05\/EndoSun_Logo_smaller.png\",\"contentUrl\":\"https:\/\/doctormihaela.com\/wp-content\/uploads\/2024\/05\/EndoSun_Logo_smaller.png\",\"width\":461,\"height\":134,\"caption\":\"Mihaela Spataru\"},\"logo\":{\"@id\":\"https:\/\/doctormihaela.com\/#\/schema\/person\/image\/\"}}]}<\/script>\n<!-- \/ Yoast SEO plugin. -->","yoast_head_json":{"title":"Primul Ajutor - EndoSun | Educa\u021bie medical\u0103 - Tot ce trebuie s\u0103 \u0219tii!","robots":{"index":"index","follow":"follow","max-snippet":"max-snippet:-1","max-image-preview":"max-image-preview:large","max-video-preview":"max-video-preview:-1"},"canonical":"https:\/\/doctormihaela.com\/en\/prim-ajutor\/","og_locale":"en_US","og_type":"article","og_title":"Primul Ajutor - EndoSun | Educa\u021bie medical\u0103 - Tot ce trebuie s\u0103 \u0219tii!","og_description":"Prim ajutor Scurt ghid despre Primul ajutor Primul ajutor cuprinde totalitatea manevrelor efectuate \u00een cadrul unei urgente&#8230; Read More Mihaela SpataruJune 7, 2021 Cum sa recuno\u0219ti un AVC? Accidentul vascular cerebral (AVC) reprezint\u0103 o urgen\u021b\u0103 medical\u0103. Acesta poate&#8230; Read More Mihaela SpataruJune 7, 2021 Ce ar trebui sa faci c\u00e2nd i\u021bi curge s\u00e2nge din nas? [&hellip;]","og_url":"https:\/\/doctormihaela.com\/en\/prim-ajutor\/","og_site_name":"EndoSun | Educa\u021bie medical\u0103 - Tot ce trebuie s\u0103 \u0219tii!","article_modified_time":"2024-10-16T16:28:09+00:00","og_image":[{"url":"https:\/\/doctormihaela.com\/wp-content\/uploads\/2021\/06\/tehnici-de-prim-ajutor-scaled-1-300x169.jpg","type":"","width":"","height":""}],"twitter_card":"summary_large_image","twitter_misc":{"Est. reading time":"1 minute"},"schema":{"@context":"https:\/\/schema.org","@graph":[{"@type":"WebPage","@id":"https:\/\/doctormihaela.com\/prim-ajutor\/","url":"https:\/\/doctormihaela.com\/prim-ajutor\/","name":"Primul Ajutor - EndoSun | Educa\u021bie medical\u0103 - Tot ce trebuie s\u0103 \u0219tii!","isPartOf":{"@id":"https:\/\/doctormihaela.com\/#website"},"primaryImageOfPage":{"@id":"https:\/\/doctormihaela.com\/prim-ajutor\/#primaryimage"},"image":{"@id":"https:\/\/doctormihaela.com\/prim-ajutor\/#primaryimage"},"thumbnailUrl":"https:\/\/doctormihaela.com\/wp-content\/uploads\/2021\/06\/tehnici-de-prim-ajutor-scaled-1-300x169.jpg","datePublished":"2024-09-24T16:00:14+00:00","dateModified":"2024-10-16T16:28:09+00:00","breadcrumb":{"@id":"https:\/\/doctormihaela.com\/prim-ajutor\/#breadcrumb"},"inLanguage":"en-US","potentialAction":[{"@type":"ReadAction","target":["https:\/\/doctormihaela.com\/prim-ajutor\/"]}]},{"@type":"ImageObject","inLanguage":"en-US","@id":"https:\/\/doctormihaela.com\/prim-ajutor\/#primaryimage","url":"https:\/\/doctormihaela.com\/wp-content\/uploads\/2021\/06\/tehnici-de-prim-ajutor-scaled-1-300x169.jpg","contentUrl":"https:\/\/doctormihaela.com\/wp-content\/uploads\/2021\/06\/tehnici-de-prim-ajutor-scaled-1-300x169.jpg"},{"@type":"BreadcrumbList","@id":"https:\/\/doctormihaela.com\/prim-ajutor\/#breadcrumb","itemListElement":[{"@type":"ListItem","position":1,"name":"Home","item":"https:\/\/doctormihaela.com\/"},{"@type":"ListItem","position":2,"name":"Primul Ajutor"}]},{"@type":"WebSite","@id":"https:\/\/doctormihaela.com\/#website","url":"https:\/\/doctormihaela.com\/","name":"EndoSun","description":"","publisher":{"@id":"https:\/\/doctormihaela.com\/#\/schema\/person\/82bf963db06fe6b0f7a7dd27c907c6d7"},"potentialAction":[{"@type":"SearchAction","target":{"@type":"EntryPoint","urlTemplate":"https:\/\/doctormihaela.com\/?s={search_term_string}"},"query-input":{"@type":"PropertyValueSpecification","valueRequired":true,"valueName":"search_term_string"}}],"inLanguage":"en-US"},{"@type":["Person","Organization"],"@id":"https:\/\/doctormihaela.com\/#\/schema\/person\/82bf963db06fe6b0f7a7dd27c907c6d7","name":"Mihaela Spataru","image":{"@type":"ImageObject","inLanguage":"en-US","@id":"https:\/\/doctormihaela.com\/#\/schema\/person\/image\/","url":"https:\/\/doctormihaela.com\/wp-content\/uploads\/2024\/05\/EndoSun_Logo_smaller.png","contentUrl":"https:\/\/doctormihaela.com\/wp-content\/uploads\/2024\/05\/EndoSun_Logo_smaller.png","width":461,"height":134,"caption":"Mihaela Spataru"},"logo":{"@id":"https:\/\/doctormihaela.com\/#\/schema\/person\/image\/"}}]}},"_links":{"self":[{"href":"https:\/\/doctormihaela.com\/en\/wp-json\/wp\/v2\/pages\/1267","targetHints":{"allow":["GET"]}}],"collection":[{"href":"https:\/\/doctormihaela.com\/en\/wp-json\/wp\/v2\/pages"}],"about":[{"href":"https:\/\/doctormihaela.com\/en\/wp-json\/wp\/v2\/types\/page"}],"author":[{"embeddable":true,"href":"https:\/\/doctormihaela.com\/en\/wp-json\/wp\/v2\/users\/5"}],"replies":[{"embeddable":true,"href":"https:\/\/doctormihaela.com\/en\/wp-json\/wp\/v2\/comments?post=1267"}],"version-history":[{"count":12,"href":"https:\/\/doctormihaela.com\/en\/wp-json\/wp\/v2\/pages\/1267\/revisions"}],"predecessor-version":[{"id":1310,"href":"https:\/\/doctormihaela.com\/en\/wp-json\/wp\/v2\/pages\/1267\/revisions\/1310"}],"wp:attachment":[{"href":"https:\/\/doctormihaela.com\/en\/wp-json\/wp\/v2\/media?parent=1267"}],"curies":[{"name":"wp","href":"https:\/\/api.w.org\/{rel}","templated":true}]}}