{"id":12,"date":"2021-06-07T10:45:21","date_gmt":"2021-06-07T08:45:21","guid":{"rendered":"https:\/\/doctormihaela.com\/?page_id=12"},"modified":"2025-01-12T08:16:29","modified_gmt":"2025-01-12T13:16:29","slug":"retete-sanatoase","status":"publish","type":"page","link":"https:\/\/doctormihaela.com\/en\/retete-sanatoase\/","title":{"rendered":"Re\u021bete s\u0103n\u0103toase"},"content":{"rendered":"<div data-elementor-type=\"wp-page\" data-elementor-id=\"12\" class=\"elementor elementor-12\">\n\t\t\t\t\t\t<section class=\"elementor-section elementor-top-section elementor-element elementor-element-f116a01 elementor-section-boxed elementor-section-height-default elementor-section-height-default\" data-id=\"f116a01\" data-element_type=\"section\" data-settings=\"{&quot;background_background&quot;:&quot;gradient&quot;}\">\n\t\t\t\t\t\t<div class=\"elementor-container elementor-column-gap-default\">\n\t\t\t\t\t<div class=\"elementor-column elementor-col-100 elementor-top-column elementor-element elementor-element-39d2220\" data-id=\"39d2220\" data-element_type=\"column\">\n\t\t\t<div class=\"elementor-widget-wrap elementor-element-populated\">\n\t\t\t\t\t\t<div class=\"elementor-element elementor-element-3afb1be elementor-invisible elementor-widget elementor-widget-heading\" data-id=\"3afb1be\" data-element_type=\"widget\" data-settings=\"{&quot;_animation&quot;:&quot;fadeInRight&quot;}\" data-widget_type=\"heading.default\">\n\t\t\t\t<div class=\"elementor-widget-container\">\n\t\t\t<h2 class=\"elementor-heading-title elementor-size-default\">Re\u021bete<\/h2>\t\t<\/div>\n\t\t\t\t<\/div>\n\t\t\t\t<div class=\"elementor-element elementor-element-b249656 elementor-widget-divider--view-line elementor-invisible elementor-widget elementor-widget-divider\" data-id=\"b249656\" data-element_type=\"widget\" data-settings=\"{&quot;_animation&quot;:&quot;fadeInRight&quot;,&quot;_animation_delay&quot;:500}\" data-widget_type=\"divider.default\">\n\t\t\t\t<div class=\"elementor-widget-container\">\n\t\t\t\t\t<div class=\"elementor-divider\">\n\t\t\t<span class=\"elementor-divider-separator\">\n\t\t\t\t\t\t<\/span>\n\t\t<\/div>\n\t\t\t\t<\/div>\n\t\t\t\t<\/div>\n\t\t\t\t\t<\/div>\n\t\t<\/div>\n\t\t\t\t\t<\/div>\n\t\t<\/section>\n\t\t\t\t<section class=\"elementor-section elementor-top-section elementor-element elementor-element-a214793 elementor-section-boxed elementor-section-height-default elementor-section-height-default\" data-id=\"a214793\" data-element_type=\"section\">\n\t\t\t\t\t\t<div class=\"elementor-container elementor-column-gap-default\">\n\t\t\t\t\t<div class=\"elementor-column elementor-col-100 elementor-top-column elementor-element elementor-element-24a60da\" data-id=\"24a60da\" data-element_type=\"column\">\n\t\t\t<div class=\"elementor-widget-wrap\">\n\t\t\t\t\t\t\t<\/div>\n\t\t<\/div>\n\t\t\t\t\t<\/div>\n\t\t<\/section>\n\t\t\t\t<section class=\"elementor-section elementor-top-section elementor-element elementor-element-79f2033 elementor-section-boxed elementor-section-height-default elementor-section-height-default\" data-id=\"79f2033\" data-element_type=\"section\">\n\t\t\t\t\t\t<div class=\"elementor-container elementor-column-gap-default\">\n\t\t\t\t\t<div class=\"elementor-column elementor-col-100 elementor-top-column elementor-element elementor-element-c65ce91\" data-id=\"c65ce91\" data-element_type=\"column\">\n\t\t\t<div class=\"elementor-widget-wrap elementor-element-populated\">\n\t\t\t\t\t\t<div class=\"elementor-element elementor-element-2cedc95 elementor-widget elementor-widget-elpug\" data-id=\"2cedc95\" data-element_type=\"widget\" data-widget_type=\"elpug.default\">\n\t\t\t\t<div class=\"elementor-widget-container\">\n\t\t\t\t\t\n\t\n\t\t<input id=\"powerfolio_pagination_postsperpage\" type=\"hidden\" value=\"\"\/><div class=\"elpt-portfolio elpt_powerfolio_59589\"><div class=\"elpt-portfolio-filter\"><button class=\"portfolio-filter-item item-active\" data-filter=\"*\" style=\"background-color:\">Toate<\/button><button class=\"portfolio-filter-item\" style=\"background-color:\" data-filter=\".elemenfoliocategory-dulciuri\">Dulciuri<\/button><button class=\"portfolio-filter-item\" style=\"background-color:\" data-filter=\".elemenfoliocategory-fel-principal\">Fel principal<\/button><button class=\"portfolio-filter-item\" style=\"background-color:\" data-filter=\".elemenfoliocategory-mic-dejun\">Mic-dejun<\/button><button class=\"portfolio-filter-item\" style=\"background-color:\" data-filter=\".elemenfoliocategory-peste\">Pe\u0219te<\/button><button class=\"portfolio-filter-item\" style=\"background-color:\" data-filter=\".elemenfoliocategory-salate\">Salate<\/button><button class=\"portfolio-filter-item\" style=\"background-color:\" data-filter=\".elemenfoliocategory-supe-si-ciorbe\">Supe si Ciorbe<\/button><\/div><div class=\"elpt-portfolio-content elpt-portfolio-content-isotope elpt-portfolio-style-box  hover1 elpt-portfolio-columns-3  elpt-portfolio-margin\"><div class=\"portfolio-item-wrapper 1633 post-12 page type-page status-publish hentry elemenfoliocategory-fel-principal\"><a href=\"https:\/\/doctormihaela.com\/en\/portfolio\/salata_de_patrunjel_si_-somon_-_la-tigaie\/\" class=\"portfolio-item\" style=\"background-image: url(https:\/\/doctormihaela.com\/wp-content\/uploads\/2025\/03\/WhatsApp-Image-2025-03-18-at-18.26.25.jpeg)\" title=\"Salat\u0103 de p\u0103trunjel (Tabbouleh)\"><img decoding=\"async\" src=\"https:\/\/doctormihaela.com\/wp-content\/uploads\/2025\/03\/WhatsApp-Image-2025-03-18-at-18.26.25.jpeg\" title=\"Salat\u0103 de p\u0103trunjel (Tabbouleh)\" alt=\"Salat\u0103 de p\u0103trunjel (Tabbouleh)\" \/><div class=\"portfolio-item-infos-wrapper\" style=\"background-color:\"><div class=\"portfolio-item-infos\"><div class=\"portfolio-item-title\"><span class=\"portfolio-item-title-span\">Salat\u0103 de p\u0103trunjel (Tabbouleh)<\/span><\/div><div class=\"portfolio-item-category\"><span class=\"elpt-portfolio-cat\">Fel principal<\/span><\/div><\/div><\/div><\/a><\/div><div class=\"portfolio-item-wrapper 1615 post-12 page type-page status-publish hentry elemenfoliocategory-salate\"><a href=\"https:\/\/doctormihaela.com\/en\/portfolio\/salata-de-broccoli-si-ou\/\" class=\"portfolio-item\" style=\"background-image: url(https:\/\/doctormihaela.com\/wp-content\/uploads\/2025\/03\/WhatsApp-Image-2025-03-13-at-17.56.02.jpeg)\" title=\"Salat\u0103 de broccoli cu ou\"><img decoding=\"async\" src=\"https:\/\/doctormihaela.com\/wp-content\/uploads\/2025\/03\/WhatsApp-Image-2025-03-13-at-17.56.02.jpeg\" title=\"Salat\u0103 de broccoli cu ou\" alt=\"Salat\u0103 de broccoli cu ou\" \/><div class=\"portfolio-item-infos-wrapper\" style=\"background-color:\"><div class=\"portfolio-item-infos\"><div class=\"portfolio-item-title\"><span class=\"portfolio-item-title-span\">Salat\u0103 de broccoli cu ou<\/span><\/div><div class=\"portfolio-item-category\"><span class=\"elpt-portfolio-cat\">Salate<\/span><\/div><\/div><\/div><\/a><\/div><div class=\"portfolio-item-wrapper 1603 post-12 page type-page status-publish hentry elemenfoliocategory-fel-principal\"><a href=\"https:\/\/doctormihaela.com\/en\/portfolio\/mancare-de-cartofi-cu-naut-o-alternativa-proteica\/\" class=\"portfolio-item\" style=\"background-image: url(https:\/\/doctormihaela.com\/wp-content\/uploads\/2025\/03\/WhatsApp-Image-2025-03-03-at-21.41.42.jpeg)\" title=\"M\u00e2ncare de cartofi cu n\u0103ut &#8211; o alternativ\u0103 proteic\u0103\"><img decoding=\"async\" src=\"https:\/\/doctormihaela.com\/wp-content\/uploads\/2025\/03\/WhatsApp-Image-2025-03-03-at-21.41.42.jpeg\" title=\"M\u00e2ncare de cartofi cu n\u0103ut &#8211; o alternativ\u0103 proteic\u0103\" alt=\"M\u00e2ncare de cartofi cu n\u0103ut &#8211; o alternativ\u0103 proteic\u0103\" \/><div class=\"portfolio-item-infos-wrapper\" style=\"background-color:\"><div class=\"portfolio-item-infos\"><div class=\"portfolio-item-title\"><span class=\"portfolio-item-title-span\">M\u00e2ncare de cartofi cu n\u0103ut &#8211; o alternativ\u0103 proteic\u0103<\/span><\/div><div class=\"portfolio-item-category\"><span class=\"elpt-portfolio-cat\">Fel principal<\/span><\/div><\/div><\/div><\/a><\/div><div class=\"portfolio-item-wrapper 1589 post-12 page type-page status-publish hentry elemenfoliocategory-dulciuri\"><a href=\"https:\/\/doctormihaela.com\/en\/portfolio\/mango-lassi\/\" class=\"portfolio-item\" style=\"background-image: url(https:\/\/doctormihaela.com\/wp-content\/uploads\/2025\/02\/WhatsApp-Image-2025-02-28-at-10.36.29.jpeg)\" title=\"Mango Lassi &#8211; un deliciu indian\"><img decoding=\"async\" src=\"https:\/\/doctormihaela.com\/wp-content\/uploads\/2025\/02\/WhatsApp-Image-2025-02-28-at-10.36.29.jpeg\" title=\"Mango Lassi &#8211; un deliciu indian\" alt=\"Mango Lassi &#8211; un deliciu indian\" \/><div class=\"portfolio-item-infos-wrapper\" style=\"background-color:\"><div class=\"portfolio-item-infos\"><div class=\"portfolio-item-title\"><span class=\"portfolio-item-title-span\">Mango Lassi &#8211; un deliciu indian<\/span><\/div><div class=\"portfolio-item-category\"><span class=\"elpt-portfolio-cat\">Dulciuri<\/span><\/div><\/div><\/div><\/a><\/div><div class=\"portfolio-item-wrapper 1584 post-12 page type-page status-publish hentry elemenfoliocategory-mic-dejun\"><a href=\"https:\/\/doctormihaela.com\/en\/portfolio\/guacamole-cu-cartofi-dulci\/\" class=\"portfolio-item\" style=\"background-image: url(https:\/\/doctormihaela.com\/wp-content\/uploads\/2025\/02\/WhatsApp-Image-2025-02-26-at-18.12.26.jpeg)\" title=\"Guacamole cu cartofi dulci\"><img decoding=\"async\" src=\"https:\/\/doctormihaela.com\/wp-content\/uploads\/2025\/02\/WhatsApp-Image-2025-02-26-at-18.12.26.jpeg\" title=\"Guacamole cu cartofi dulci\" alt=\"Guacamole cu cartofi dulci\" \/><div class=\"portfolio-item-infos-wrapper\" style=\"background-color:\"><div class=\"portfolio-item-infos\"><div class=\"portfolio-item-title\"><span class=\"portfolio-item-title-span\">Guacamole cu cartofi dulci<\/span><\/div><div class=\"portfolio-item-category\"><span class=\"elpt-portfolio-cat\">Mic-dejun<\/span><\/div><\/div><\/div><\/a><\/div><div class=\"portfolio-item-wrapper 1578 post-12 page type-page status-publish hentry elemenfoliocategory-dulciuri elemenfoliocategory-mic-dejun\"><a href=\"https:\/\/doctormihaela.com\/en\/portfolio\/pancakes-rapide-si-sanatoase\/\" class=\"portfolio-item\" style=\"background-image: url(https:\/\/doctormihaela.com\/wp-content\/uploads\/2025\/02\/WhatsApp-Image-2025-02-22-at-15.31.57-1.jpeg)\" title=\"Pancakes rapide \u0219i s\u0103n\u0103toase\"><img decoding=\"async\" src=\"https:\/\/doctormihaela.com\/wp-content\/uploads\/2025\/02\/WhatsApp-Image-2025-02-22-at-15.31.57-1.jpeg\" title=\"Pancakes rapide \u0219i s\u0103n\u0103toase\" alt=\"Pancakes rapide \u0219i s\u0103n\u0103toase\" \/><div class=\"portfolio-item-infos-wrapper\" style=\"background-color:\"><div class=\"portfolio-item-infos\"><div class=\"portfolio-item-title\"><span class=\"portfolio-item-title-span\">Pancakes rapide \u0219i s\u0103n\u0103toase<\/span><\/div><div class=\"portfolio-item-category\"><span class=\"elpt-portfolio-cat\">Dulciuri<\/span><span class=\"elpt-portfolio-cat\">Mic-dejun<\/span><\/div><\/div><\/div><\/a><\/div><div class=\"portfolio-item-wrapper 1540 post-12 page type-page status-publish hentry elemenfoliocategory-salate\"><a href=\"https:\/\/doctormihaela.com\/en\/portfolio\/ceapa-murata-perfecta-pentru-sandwich-uri\/\" class=\"portfolio-item\" style=\"background-image: url(https:\/\/doctormihaela.com\/wp-content\/uploads\/2025\/01\/WhatsApp-Image-2025-01-26-at-16.16.12.jpeg)\" title=\"Ceap\u0103 murat\u0103 &#8211; perfect\u0103 pentru sandwich-uri\"><img decoding=\"async\" src=\"https:\/\/doctormihaela.com\/wp-content\/uploads\/2025\/01\/WhatsApp-Image-2025-01-26-at-16.16.12.jpeg\" title=\"Ceap\u0103 murat\u0103 &#8211; perfect\u0103 pentru sandwich-uri\" alt=\"Ceap\u0103 murat\u0103 &#8211; perfect\u0103 pentru sandwich-uri\" \/><div class=\"portfolio-item-infos-wrapper\" style=\"background-color:\"><div class=\"portfolio-item-infos\"><div class=\"portfolio-item-title\"><span class=\"portfolio-item-title-span\">Ceap\u0103 murat\u0103 &#8211; perfect\u0103 pentru sandwich-uri<\/span><\/div><div class=\"portfolio-item-category\"><span class=\"elpt-portfolio-cat\">Salate<\/span><\/div><\/div><\/div><\/a><\/div><div class=\"portfolio-item-wrapper 1533 post-12 page type-page status-publish hentry elemenfoliocategory-fel-principal\"><a href=\"https:\/\/doctormihaela.com\/en\/portfolio\/shaorma-sanatosa-proteica-si-deliciosa\/\" class=\"portfolio-item\" style=\"background-image: url(https:\/\/doctormihaela.com\/wp-content\/uploads\/2025\/01\/WhatsApp-Image-2025-01-26-at-14.35.59.jpeg)\" title=\"Shaorma s\u0103n\u0103tos\u0103, proteic\u0103 \u0219i delicios\u0103\"><img decoding=\"async\" src=\"https:\/\/doctormihaela.com\/wp-content\/uploads\/2025\/01\/WhatsApp-Image-2025-01-26-at-14.35.59.jpeg\" title=\"Shaorma s\u0103n\u0103tos\u0103, proteic\u0103 \u0219i delicios\u0103\" alt=\"Shaorma s\u0103n\u0103tos\u0103, proteic\u0103 \u0219i delicios\u0103\" \/><div class=\"portfolio-item-infos-wrapper\" style=\"background-color:\"><div class=\"portfolio-item-infos\"><div class=\"portfolio-item-title\"><span class=\"portfolio-item-title-span\">Shaorma s\u0103n\u0103tos\u0103, proteic\u0103 \u0219i delicios\u0103<\/span><\/div><div class=\"portfolio-item-category\"><span class=\"elpt-portfolio-cat\">Fel principal<\/span><\/div><\/div><\/div><\/a><\/div><div class=\"portfolio-item-wrapper 1503 post-12 page type-page status-publish hentry elemenfoliocategory-peste\"><a href=\"https:\/\/doctormihaela.com\/en\/portfolio\/stavrid-la-cuptor\/\" class=\"portfolio-item\" style=\"background-image: url(https:\/\/doctormihaela.com\/wp-content\/uploads\/2025\/01\/WhatsApp-Image-2025-01-14-at-19.34.30-3.jpeg)\" title=\"Stavrid la cuptor\"><img decoding=\"async\" src=\"https:\/\/doctormihaela.com\/wp-content\/uploads\/2025\/01\/WhatsApp-Image-2025-01-14-at-19.34.30-3.jpeg\" title=\"Stavrid la cuptor\" alt=\"Stavrid la cuptor\" \/><div class=\"portfolio-item-infos-wrapper\" style=\"background-color:\"><div class=\"portfolio-item-infos\"><div class=\"portfolio-item-title\"><span class=\"portfolio-item-title-span\">Stavrid la cuptor<\/span><\/div><div class=\"portfolio-item-category\"><span class=\"elpt-portfolio-cat\">Pe\u0219te<\/span><\/div><\/div><\/div><\/a><\/div><div class=\"portfolio-item-wrapper 1490 post-12 page type-page status-publish hentry elemenfoliocategory-salate\"><a href=\"https:\/\/doctormihaela.com\/en\/portfolio\/salata-de-sfecla-cu-nuci-si-branza\/\" class=\"portfolio-item\" style=\"background-image: url(https:\/\/doctormihaela.com\/wp-content\/uploads\/2025\/01\/WhatsApp-Image-2025-01-12-at-13.16.45-e1736687368286.jpeg)\" title=\"Salat\u0103 de sfecl\u0103 cu nuci \u0219i br\u00e2nz\u0103\"><img decoding=\"async\" src=\"https:\/\/doctormihaela.com\/wp-content\/uploads\/2025\/01\/WhatsApp-Image-2025-01-12-at-13.16.45-e1736687368286.jpeg\" title=\"Salat\u0103 de sfecl\u0103 cu nuci \u0219i br\u00e2nz\u0103\" alt=\"Salat\u0103 de sfecl\u0103 cu nuci \u0219i br\u00e2nz\u0103\" \/><div class=\"portfolio-item-infos-wrapper\" style=\"background-color:\"><div class=\"portfolio-item-infos\"><div class=\"portfolio-item-title\"><span class=\"portfolio-item-title-span\">Salat\u0103 de sfecl\u0103 cu nuci \u0219i br\u00e2nz\u0103<\/span><\/div><div class=\"portfolio-item-category\"><span class=\"elpt-portfolio-cat\">Salate<\/span><\/div><\/div><\/div><\/a><\/div><\/div><\/div>\t\t\n\n\t\t\t\n\n\t\t<script><\/script>\n\t\t\t\n\n\t\t\t\t<\/div>\n\t\t\t\t<\/div>\n\t\t\t\t\t<\/div>\n\t\t<\/div>\n\t\t\t\t\t<\/div>\n\t\t<\/section>\n\t\t\t\t<\/div>","protected":false},"excerpt":{"rendered":"<p>Re\u021bete ToateSalateSupe si CiorbeSalat\u0103 de sfecl\u0103 cu nuci \u0219i br\u00e2nz\u0103Salate<\/p>","protected":false},"author":5,"featured_media":0,"parent":0,"menu_order":0,"comment_status":"closed","ping_status":"closed","template":"elementor_header_footer","meta":{"om_disable_all_campaigns":false,"_monsterinsights_skip_tracking":false,"_monsterinsights_sitenote_active":false,"_monsterinsights_sitenote_note":"","_monsterinsights_sitenote_category":0,"_uf_show_specific_survey":0,"_uf_disable_surveys":false,"footnotes":""},"class_list":["post-12","page","type-page","status-publish","hentry"],"blocksy_meta":{"styles_descriptor":{"styles":{"desktop":"","tablet":"","mobile":""},"google_fonts":[]}},"yoast_head":"<!-- This site is optimized with the Yoast SEO plugin v24.5 - https:\/\/yoast.com\/wordpress\/plugins\/seo\/ -->\n<title>Re\u021bete s\u0103n\u0103toase - EndoSun | Educa\u021bie medical\u0103 - Tot ce trebuie s\u0103 \u0219tii!<\/title>\n<meta name=\"robots\" content=\"index, follow, max-snippet:-1, max-image-preview:large, max-video-preview:-1\" \/>\n<link rel=\"canonical\" href=\"https:\/\/doctormihaela.com\/en\/retete-sanatoase\/\" \/>\n<meta property=\"og:locale\" content=\"en_US\" \/>\n<meta property=\"og:type\" content=\"article\" \/>\n<meta property=\"og:title\" content=\"Re\u021bete s\u0103n\u0103toase - EndoSun | Educa\u021bie medical\u0103 - Tot ce trebuie s\u0103 \u0219tii!\" \/>\n<meta property=\"og:description\" content=\"Re\u021bete ToateSalateSupe si CiorbeSalat\u0103 de sfecl\u0103 cu nuci \u0219i br\u00e2nz\u0103Salate\" \/>\n<meta property=\"og:url\" content=\"https:\/\/doctormihaela.com\/en\/retete-sanatoase\/\" \/>\n<meta property=\"og:site_name\" content=\"EndoSun | Educa\u021bie medical\u0103 - Tot ce trebuie s\u0103 \u0219tii!\" \/>\n<meta property=\"article:modified_time\" content=\"2025-01-12T13:16:29+00:00\" \/>\n<meta property=\"og:image\" content=\"https:\/\/doctormihaela.com\/wp-content\/uploads\/2025\/01\/WhatsApp-Image-2025-01-12-at-13.16.45-e1736683988122.jpeg\" \/>\n<meta name=\"twitter:card\" content=\"summary_large_image\" \/>\n<script type=\"application\/ld+json\" class=\"yoast-schema-graph\">{\"@context\":\"https:\/\/schema.org\",\"@graph\":[{\"@type\":\"WebPage\",\"@id\":\"https:\/\/doctormihaela.com\/retete-sanatoase\/\",\"url\":\"https:\/\/doctormihaela.com\/retete-sanatoase\/\",\"name\":\"Re\u021bete s\u0103n\u0103toase - EndoSun | Educa\u021bie medical\u0103 - Tot ce trebuie s\u0103 \u0219tii!\",\"isPartOf\":{\"@id\":\"https:\/\/doctormihaela.com\/#website\"},\"primaryImageOfPage\":{\"@id\":\"https:\/\/doctormihaela.com\/retete-sanatoase\/#primaryimage\"},\"image\":{\"@id\":\"https:\/\/doctormihaela.com\/retete-sanatoase\/#primaryimage\"},\"thumbnailUrl\":\"https:\/\/doctormihaela.com\/wp-content\/uploads\/2025\/01\/WhatsApp-Image-2025-01-12-at-13.16.45-e1736683988122.jpeg\",\"datePublished\":\"2021-06-07T08:45:21+00:00\",\"dateModified\":\"2025-01-12T13:16:29+00:00\",\"breadcrumb\":{\"@id\":\"https:\/\/doctormihaela.com\/retete-sanatoase\/#breadcrumb\"},\"inLanguage\":\"en-US\",\"potentialAction\":[{\"@type\":\"ReadAction\",\"target\":[\"https:\/\/doctormihaela.com\/retete-sanatoase\/\"]}]},{\"@type\":\"ImageObject\",\"inLanguage\":\"en-US\",\"@id\":\"https:\/\/doctormihaela.com\/retete-sanatoase\/#primaryimage\",\"url\":\"https:\/\/doctormihaela.com\/wp-content\/uploads\/2025\/01\/WhatsApp-Image-2025-01-12-at-13.16.45-e1736683988122.jpeg\",\"contentUrl\":\"https:\/\/doctormihaela.com\/wp-content\/uploads\/2025\/01\/WhatsApp-Image-2025-01-12-at-13.16.45-e1736683988122.jpeg\"},{\"@type\":\"BreadcrumbList\",\"@id\":\"https:\/\/doctormihaela.com\/retete-sanatoase\/#breadcrumb\",\"itemListElement\":[{\"@type\":\"ListItem\",\"position\":1,\"name\":\"Home\",\"item\":\"https:\/\/doctormihaela.com\/\"},{\"@type\":\"ListItem\",\"position\":2,\"name\":\"Re\u021bete s\u0103n\u0103toase\"}]},{\"@type\":\"WebSite\",\"@id\":\"https:\/\/doctormihaela.com\/#website\",\"url\":\"https:\/\/doctormihaela.com\/\",\"name\":\"EndoSun\",\"description\":\"\",\"publisher\":{\"@id\":\"https:\/\/doctormihaela.com\/#\/schema\/person\/82bf963db06fe6b0f7a7dd27c907c6d7\"},\"potentialAction\":[{\"@type\":\"SearchAction\",\"target\":{\"@type\":\"EntryPoint\",\"urlTemplate\":\"https:\/\/doctormihaela.com\/?s={search_term_string}\"},\"query-input\":{\"@type\":\"PropertyValueSpecification\",\"valueRequired\":true,\"valueName\":\"search_term_string\"}}],\"inLanguage\":\"en-US\"},{\"@type\":[\"Person\",\"Organization\"],\"@id\":\"https:\/\/doctormihaela.com\/#\/schema\/person\/82bf963db06fe6b0f7a7dd27c907c6d7\",\"name\":\"Mihaela Spataru\",\"image\":{\"@type\":\"ImageObject\",\"inLanguage\":\"en-US\",\"@id\":\"https:\/\/doctormihaela.com\/#\/schema\/person\/image\/\",\"url\":\"https:\/\/doctormihaela.com\/wp-content\/uploads\/2024\/05\/EndoSun_Logo_smaller.png\",\"contentUrl\":\"https:\/\/doctormihaela.com\/wp-content\/uploads\/2024\/05\/EndoSun_Logo_smaller.png\",\"width\":461,\"height\":134,\"caption\":\"Mihaela Spataru\"},\"logo\":{\"@id\":\"https:\/\/doctormihaela.com\/#\/schema\/person\/image\/\"}}]}<\/script>\n<!-- \/ Yoast SEO plugin. -->","yoast_head_json":{"title":"Re\u021bete s\u0103n\u0103toase - EndoSun | Educa\u021bie medical\u0103 - Tot ce trebuie s\u0103 \u0219tii!","robots":{"index":"index","follow":"follow","max-snippet":"max-snippet:-1","max-image-preview":"max-image-preview:large","max-video-preview":"max-video-preview:-1"},"canonical":"https:\/\/doctormihaela.com\/en\/retete-sanatoase\/","og_locale":"en_US","og_type":"article","og_title":"Re\u021bete s\u0103n\u0103toase - EndoSun | Educa\u021bie medical\u0103 - Tot ce trebuie s\u0103 \u0219tii!","og_description":"Re\u021bete ToateSalateSupe si CiorbeSalat\u0103 de sfecl\u0103 cu nuci \u0219i br\u00e2nz\u0103Salate","og_url":"https:\/\/doctormihaela.com\/en\/retete-sanatoase\/","og_site_name":"EndoSun | Educa\u021bie medical\u0103 - Tot ce trebuie s\u0103 \u0219tii!","article_modified_time":"2025-01-12T13:16:29+00:00","og_image":[{"url":"https:\/\/doctormihaela.com\/wp-content\/uploads\/2025\/01\/WhatsApp-Image-2025-01-12-at-13.16.45-e1736683988122.jpeg","type":"","width":"","height":""}],"twitter_card":"summary_large_image","schema":{"@context":"https:\/\/schema.org","@graph":[{"@type":"WebPage","@id":"https:\/\/doctormihaela.com\/retete-sanatoase\/","url":"https:\/\/doctormihaela.com\/retete-sanatoase\/","name":"Re\u021bete s\u0103n\u0103toase - EndoSun | Educa\u021bie medical\u0103 - Tot ce trebuie s\u0103 \u0219tii!","isPartOf":{"@id":"https:\/\/doctormihaela.com\/#website"},"primaryImageOfPage":{"@id":"https:\/\/doctormihaela.com\/retete-sanatoase\/#primaryimage"},"image":{"@id":"https:\/\/doctormihaela.com\/retete-sanatoase\/#primaryimage"},"thumbnailUrl":"https:\/\/doctormihaela.com\/wp-content\/uploads\/2025\/01\/WhatsApp-Image-2025-01-12-at-13.16.45-e1736683988122.jpeg","datePublished":"2021-06-07T08:45:21+00:00","dateModified":"2025-01-12T13:16:29+00:00","breadcrumb":{"@id":"https:\/\/doctormihaela.com\/retete-sanatoase\/#breadcrumb"},"inLanguage":"en-US","potentialAction":[{"@type":"ReadAction","target":["https:\/\/doctormihaela.com\/retete-sanatoase\/"]}]},{"@type":"ImageObject","inLanguage":"en-US","@id":"https:\/\/doctormihaela.com\/retete-sanatoase\/#primaryimage","url":"https:\/\/doctormihaela.com\/wp-content\/uploads\/2025\/01\/WhatsApp-Image-2025-01-12-at-13.16.45-e1736683988122.jpeg","contentUrl":"https:\/\/doctormihaela.com\/wp-content\/uploads\/2025\/01\/WhatsApp-Image-2025-01-12-at-13.16.45-e1736683988122.jpeg"},{"@type":"BreadcrumbList","@id":"https:\/\/doctormihaela.com\/retete-sanatoase\/#breadcrumb","itemListElement":[{"@type":"ListItem","position":1,"name":"Home","item":"https:\/\/doctormihaela.com\/"},{"@type":"ListItem","position":2,"name":"Re\u021bete s\u0103n\u0103toase"}]},{"@type":"WebSite","@id":"https:\/\/doctormihaela.com\/#website","url":"https:\/\/doctormihaela.com\/","name":"EndoSun","description":"","publisher":{"@id":"https:\/\/doctormihaela.com\/#\/schema\/person\/82bf963db06fe6b0f7a7dd27c907c6d7"},"potentialAction":[{"@type":"SearchAction","target":{"@type":"EntryPoint","urlTemplate":"https:\/\/doctormihaela.com\/?s={search_term_string}"},"query-input":{"@type":"PropertyValueSpecification","valueRequired":true,"valueName":"search_term_string"}}],"inLanguage":"en-US"},{"@type":["Person","Organization"],"@id":"https:\/\/doctormihaela.com\/#\/schema\/person\/82bf963db06fe6b0f7a7dd27c907c6d7","name":"Mihaela Spataru","image":{"@type":"ImageObject","inLanguage":"en-US","@id":"https:\/\/doctormihaela.com\/#\/schema\/person\/image\/","url":"https:\/\/doctormihaela.com\/wp-content\/uploads\/2024\/05\/EndoSun_Logo_smaller.png","contentUrl":"https:\/\/doctormihaela.com\/wp-content\/uploads\/2024\/05\/EndoSun_Logo_smaller.png","width":461,"height":134,"caption":"Mihaela Spataru"},"logo":{"@id":"https:\/\/doctormihaela.com\/#\/schema\/person\/image\/"}}]}},"_links":{"self":[{"href":"https:\/\/doctormihaela.com\/en\/wp-json\/wp\/v2\/pages\/12","targetHints":{"allow":["GET"]}}],"collection":[{"href":"https:\/\/doctormihaela.com\/en\/wp-json\/wp\/v2\/pages"}],"about":[{"href":"https:\/\/doctormihaela.com\/en\/wp-json\/wp\/v2\/types\/page"}],"author":[{"embeddable":true,"href":"https:\/\/doctormihaela.com\/en\/wp-json\/wp\/v2\/users\/5"}],"replies":[{"embeddable":true,"href":"https:\/\/doctormihaela.com\/en\/wp-json\/wp\/v2\/comments?post=12"}],"version-history":[{"count":22,"href":"https:\/\/doctormihaela.com\/en\/wp-json\/wp\/v2\/pages\/12\/revisions"}],"predecessor-version":[{"id":1502,"href":"https:\/\/doctormihaela.com\/en\/wp-json\/wp\/v2\/pages\/12\/revisions\/1502"}],"wp:attachment":[{"href":"https:\/\/doctormihaela.com\/en\/wp-json\/wp\/v2\/media?parent=12"}],"curies":[{"name":"wp","href":"https:\/\/api.w.org\/{rel}","templated":true}]}}